{"id":87730,"date":"2026-04-21T12:57:03","date_gmt":"2026-04-21T12:57:03","guid":{"rendered":"https:\/\/lookruncompany.com\/?product=mishimoto-abrazaderas-de-manguitos-de-silicona-125"},"modified":"2026-04-21T12:57:03","modified_gmt":"2026-04-21T12:57:03","slug":"mishimoto-abrazaderas-de-manguitos-de-silicona-125","status":"publish","type":"product","link":"https:\/\/lookruncompany.com\/?product=mishimoto-abrazaderas-de-manguitos-de-silicona-125","title":{"rendered":"Mishimoto Abrazaderas de manguitos de silicona 1,25&#8243;"},"content":{"rendered":"<p>Mishimoto Abrazaderas de manguitos de silicona 1,25&quot; es una referencia de Mishimoto disponible en nuestra tienda para quienes buscan aportar mayor resistencia t\u00e9rmica, buen ajuste y fiabilidad en el circuito. Es una opci\u00f3n orientada tanto a sustituci\u00f3n mejorada como a proyectos de preparaci\u00f3n, siempre con el objetivo de ofrecer un producto fiable y bien resuelto.<\/p>\n<p>Entre sus puntos destacados se encuentran construcci\u00f3n en silicona, aspectos especialmente valorados cuando se busca durabilidad, buen encaje y un funcionamiento consistente.<\/p>\n<p>Referencia de aplicaci\u00f3n universal. Conviene comprobar medidas, conexiones y espacio disponible antes de la compra.<\/p>\n","protected":false},"excerpt":{"rendered":"<p>Manguito de silicona Mishimoto para aportar mayor resistencia t\u00e9rmica, buen ajuste y fiabilidad en el circuito. Referencia universal con enfoque en fiabilidad, resistencia t\u00e9rmica y buen acabado.<\/p>\n","protected":false},"featured_media":0,"comment_status":"open","ping_status":"closed","template":"","meta":{"_acf_changed":false},"product_brand":[],"product_cat":[117],"product_tag":[429775,429774,376265,376264],"class_list":{"0":"post-87730","1":"product","2":"type-product","3":"status-publish","5":"product_cat-refrigeracion","6":"product_tag-abrazaderas-de-manguera","7":"product_tag-abrazaderas-para-manguitos-de-silicona","8":"product_tag-mishimoto","9":"product_tag-universal","11":"first","12":"instock","13":"taxable","14":"shipping-taxable","15":"purchasable","16":"product-type-simple"},"acf":[],"_links":{"self":[{"href":"https:\/\/lookruncompany.com\/index.php?rest_route=\/wp\/v2\/product\/87730","targetHints":{"allow":["GET"]}}],"collection":[{"href":"https:\/\/lookruncompany.com\/index.php?rest_route=\/wp\/v2\/product"}],"about":[{"href":"https:\/\/lookruncompany.com\/index.php?rest_route=\/wp\/v2\/types\/product"}],"replies":[{"embeddable":true,"href":"https:\/\/lookruncompany.com\/index.php?rest_route=%2Fwp%2Fv2%2Fcomments&post=87730"}],"version-history":[{"count":0,"href":"https:\/\/lookruncompany.com\/index.php?rest_route=\/wp\/v2\/product\/87730\/revisions"}],"wp:attachment":[{"href":"https:\/\/lookruncompany.com\/index.php?rest_route=%2Fwp%2Fv2%2Fmedia&parent=87730"}],"wp:term":[{"taxonomy":"product_brand","embeddable":true,"href":"https:\/\/lookruncompany.com\/index.php?rest_route=%2Fwp%2Fv2%2Fproduct_brand&post=87730"},{"taxonomy":"product_cat","embeddable":true,"href":"https:\/\/lookruncompany.com\/index.php?rest_route=%2Fwp%2Fv2%2Fproduct_cat&post=87730"},{"taxonomy":"product_tag","embeddable":true,"href":"https:\/\/lookruncompany.com\/index.php?rest_route=%2Fwp%2Fv2%2Fproduct_tag&post=87730"}],"curies":[{"name":"wp","href":"https:\/\/api.w.org\/{rel}","templated":true}]}}