{"id":87689,"date":"2026-04-21T10:30:25","date_gmt":"2026-04-21T10:30:25","guid":{"rendered":"https:\/\/lookruncompany.com\/?product=mishimoto-banjo-con-perno-m20-x-5-8-rec-negro"},"modified":"2026-04-21T10:30:25","modified_gmt":"2026-04-21T10:30:25","slug":"mishimoto-banjo-con-perno-m20-x-5-8-rec-negro","status":"publish","type":"product","link":"https:\/\/lookruncompany.com\/?product=mishimoto-banjo-con-perno-m20-x-5-8-rec-negro","title":{"rendered":"Mishimoto Banjo con perno M20 x 5\/8 Rec. Negro"},"content":{"rendered":"<p>En nuestra tienda encontrar\u00e1s Mishimoto Banjo con perno M20 x 5\/8 Rec. Negro, una referencia orientada a mejorar fiabilidad, refrigeraci\u00f3n y rendimiento seg\u00fan la aplicaci\u00f3n.<\/p>\n<p>Mishimoto Banjo con perno M20 x 5\/8 Rec. Negro es una referencia de Mishimoto disponible en de Mishimoto tienda para quienes buscan controlar mejor la temperatura del aceite en uso exigente. Es una opci\u00f3n orientada tanto a sustituci\u00f3n mejorada como a proyectos de preparaci\u00f3n, siempre con el objetivo de ofrecer un producto fiable y bien resuelto.Fabricado en aluminio 6061, el accesorio banjo Mishimoto anodizado negro con perno tiene conexiones rectas M20 x 1,5 y 5\/8&quot;, dos sellos de aceite Dowty y la garant\u00eda de por vida de Mishimoto.Referencia de aplicaci\u00f3n universal. Conviene comprobar medidas, conexiones y espacio disponible antes de la compra.<\/p>\n<p>Si necesitas confirmar compatibilidad antes de comprar, cons\u00faltanos y te ayudamos.<\/p>\n","protected":false},"excerpt":{"rendered":"<p>Producto Mishimoto Banjo con perno M20 x 5\/8 Rec. Negro disponible en nuestra tienda. Radiador de aceite Mishimoto para controlar mejor la temperatura del aceite en uso exigente. Referencia universal con enfoque en fiabilidad, resistencia t\u00e9rmica y buen acabado.<\/p>\n","protected":false},"featured_media":0,"comment_status":"open","ping_status":"closed","template":"","meta":{"_acf_changed":false},"product_brand":[],"product_cat":[117],"product_tag":[377565,376265,376267,377564,377563,376264],"class_list":{"0":"post-87689","1":"product","2":"type-product","3":"status-publish","5":"product_cat-refrigeracion","6":"product_tag-accesorios","7":"product_tag-mishimoto","8":"product_tag-motor-refrigeracion","9":"product_tag-oil-cooler-enfriadores-de-aceite","10":"product_tag-radiadores-de-aceite","11":"product_tag-universal","13":"first","14":"instock","15":"taxable","16":"shipping-taxable","17":"purchasable","18":"product-type-simple"},"acf":[],"_links":{"self":[{"href":"https:\/\/lookruncompany.com\/index.php?rest_route=\/wp\/v2\/product\/87689","targetHints":{"allow":["GET"]}}],"collection":[{"href":"https:\/\/lookruncompany.com\/index.php?rest_route=\/wp\/v2\/product"}],"about":[{"href":"https:\/\/lookruncompany.com\/index.php?rest_route=\/wp\/v2\/types\/product"}],"replies":[{"embeddable":true,"href":"https:\/\/lookruncompany.com\/index.php?rest_route=%2Fwp%2Fv2%2Fcomments&post=87689"}],"version-history":[{"count":0,"href":"https:\/\/lookruncompany.com\/index.php?rest_route=\/wp\/v2\/product\/87689\/revisions"}],"wp:attachment":[{"href":"https:\/\/lookruncompany.com\/index.php?rest_route=%2Fwp%2Fv2%2Fmedia&parent=87689"}],"wp:term":[{"taxonomy":"product_brand","embeddable":true,"href":"https:\/\/lookruncompany.com\/index.php?rest_route=%2Fwp%2Fv2%2Fproduct_brand&post=87689"},{"taxonomy":"product_cat","embeddable":true,"href":"https:\/\/lookruncompany.com\/index.php?rest_route=%2Fwp%2Fv2%2Fproduct_cat&post=87689"},{"taxonomy":"product_tag","embeddable":true,"href":"https:\/\/lookruncompany.com\/index.php?rest_route=%2Fwp%2Fv2%2Fproduct_tag&post=87689"}],"curies":[{"name":"wp","href":"https:\/\/api.w.org\/{rel}","templated":true}]}}