{"id":87396,"date":"2026-04-21T10:23:48","date_gmt":"2026-04-21T10:23:48","guid":{"rendered":"https:\/\/lookruncompany.com\/?product=mishimoto-borne-recovery-boards-109x31x6cm-black"},"modified":"2026-04-21T11:07:38","modified_gmt":"2026-04-21T11:07:38","slug":"mishimoto-borne-recovery-boards-109x31x6cm-black","status":"publish","type":"product","link":"https:\/\/lookruncompany.com\/?product=mishimoto-borne-recovery-boards-109x31x6cm-black","title":{"rendered":"Mishimoto Borne Recovery Boards, 109x31x6cm, Black"},"content":{"rendered":"<p>En nuestra tienda encontrar\u00e1s Mishimoto Borne Recovery Boards, 109x31x6cm, Black, una referencia orientada a mejorar fiabilidad, refrigeraci\u00f3n y rendimiento seg\u00fan la aplicaci\u00f3n.<\/p>\n<p>Mishimoto Borne Recovery Boards, 109x31x6cm, Black es una referencia de Mishimoto disponible en de Mishimoto tienda para quienes buscan mejorar la fiabilidad y el comportamiento del conjunto. Es una opci\u00f3n orientada tanto a sustituci\u00f3n mejorada como a proyectos de preparaci\u00f3n, siempre con el objetivo de ofrecer un producto fiable y bien resuelto.Entre sus puntos destacados se encuentran acabado en color negro, aspectos especialmente valorados cuando se busca durabilidad, buen encaje y un funcionamiento consistente.Referencia de aplicaci\u00f3n universal. Conviene comprobar medidas, conexiones y espacio disponible antes de la compra.<\/p>\n<p>Si necesitas confirmar compatibilidad antes de comprar, cons\u00faltanos y te ayudamos.<\/p>\n","protected":false},"excerpt":{"rendered":"<p>Producto Mishimoto Borne Recovery Boards, 109x31x6cm, Black disponible en nuestra tienda. Componente de rendimiento Mishimoto para mejorar la fiabilidad y el comportamiento del conjunto. Referencia universal con enfoque en fiabilidad, resistencia t\u00e9rmica y buen acabado.<\/p>\n","protected":false},"featured_media":0,"comment_status":"open","ping_status":"closed","template":"","meta":{"_acf_changed":false},"product_brand":[257653],"product_cat":[117],"product_tag":[376266,376265,376267,376264],"class_list":{"0":"post-87396","1":"product","2":"type-product","3":"status-publish","5":"product_brand-mishimoto","6":"product_cat-refrigeracion","7":"product_tag-accesorios-y-performance","8":"product_tag-mishimoto","9":"product_tag-motor-refrigeracion","10":"product_tag-universal","12":"first","13":"instock","14":"taxable","15":"shipping-taxable","16":"purchasable","17":"product-type-simple"},"acf":[],"_links":{"self":[{"href":"https:\/\/lookruncompany.com\/index.php?rest_route=\/wp\/v2\/product\/87396","targetHints":{"allow":["GET"]}}],"collection":[{"href":"https:\/\/lookruncompany.com\/index.php?rest_route=\/wp\/v2\/product"}],"about":[{"href":"https:\/\/lookruncompany.com\/index.php?rest_route=\/wp\/v2\/types\/product"}],"replies":[{"embeddable":true,"href":"https:\/\/lookruncompany.com\/index.php?rest_route=%2Fwp%2Fv2%2Fcomments&post=87396"}],"version-history":[{"count":0,"href":"https:\/\/lookruncompany.com\/index.php?rest_route=\/wp\/v2\/product\/87396\/revisions"}],"wp:attachment":[{"href":"https:\/\/lookruncompany.com\/index.php?rest_route=%2Fwp%2Fv2%2Fmedia&parent=87396"}],"wp:term":[{"taxonomy":"product_brand","embeddable":true,"href":"https:\/\/lookruncompany.com\/index.php?rest_route=%2Fwp%2Fv2%2Fproduct_brand&post=87396"},{"taxonomy":"product_cat","embeddable":true,"href":"https:\/\/lookruncompany.com\/index.php?rest_route=%2Fwp%2Fv2%2Fproduct_cat&post=87396"},{"taxonomy":"product_tag","embeddable":true,"href":"https:\/\/lookruncompany.com\/index.php?rest_route=%2Fwp%2Fv2%2Fproduct_tag&post=87396"}],"curies":[{"name":"wp","href":"https:\/\/api.w.org\/{rel}","templated":true}]}}