{"id":37837,"date":"2026-02-19T14:36:27","date_gmt":"2026-02-19T14:36:27","guid":{"rendered":"https:\/\/lookruncompany.com\/?product=p-s-f-liquido-de-direccion-nerol-lubricants"},"modified":"2026-02-19T14:36:27","modified_gmt":"2026-02-19T14:36:27","slug":"p-s-f-liquido-de-direccion-nerol-lubricants","status":"publish","type":"product","link":"https:\/\/lookruncompany.com\/?product=p-s-f-liquido-de-direccion-nerol-lubricants","title":{"rendered":"P.S.F. L\u00cdQUIDO DE DIRECCI\u00d3N &#8211; Nerol Lubricants"},"content":{"rendered":"<p>Fluido sint\u00e9tico para circuitos hidr\u00e1ulicos P.S.F<\/p>\n","protected":false},"excerpt":{"rendered":"<p>Fluido sint\u00e9tico para circuitos hidr\u00e1ulicos P.S.F<\/p>\n","protected":false},"featured_media":37836,"comment_status":"open","ping_status":"closed","template":"","meta":{"_acf_changed":false},"product_brand":[],"product_cat":[257765],"product_tag":[],"class_list":{"0":"post-37837","1":"product","2":"type-product","3":"status-publish","4":"has-post-thumbnail","6":"product_cat-transmision-y-valvulinas","8":"first","9":"instock","10":"taxable","11":"shipping-taxable","12":"purchasable","13":"product-type-simple"},"acf":[],"_links":{"self":[{"href":"https:\/\/lookruncompany.com\/index.php?rest_route=\/wp\/v2\/product\/37837","targetHints":{"allow":["GET"]}}],"collection":[{"href":"https:\/\/lookruncompany.com\/index.php?rest_route=\/wp\/v2\/product"}],"about":[{"href":"https:\/\/lookruncompany.com\/index.php?rest_route=\/wp\/v2\/types\/product"}],"replies":[{"embeddable":true,"href":"https:\/\/lookruncompany.com\/index.php?rest_route=%2Fwp%2Fv2%2Fcomments&post=37837"}],"version-history":[{"count":0,"href":"https:\/\/lookruncompany.com\/index.php?rest_route=\/wp\/v2\/product\/37837\/revisions"}],"wp:featuredmedia":[{"embeddable":true,"href":"https:\/\/lookruncompany.com\/index.php?rest_route=\/wp\/v2\/media\/37836"}],"wp:attachment":[{"href":"https:\/\/lookruncompany.com\/index.php?rest_route=%2Fwp%2Fv2%2Fmedia&parent=37837"}],"wp:term":[{"taxonomy":"product_brand","embeddable":true,"href":"https:\/\/lookruncompany.com\/index.php?rest_route=%2Fwp%2Fv2%2Fproduct_brand&post=37837"},{"taxonomy":"product_cat","embeddable":true,"href":"https:\/\/lookruncompany.com\/index.php?rest_route=%2Fwp%2Fv2%2Fproduct_cat&post=37837"},{"taxonomy":"product_tag","embeddable":true,"href":"https:\/\/lookruncompany.com\/index.php?rest_route=%2Fwp%2Fv2%2Fproduct_tag&post=37837"}],"curies":[{"name":"wp","href":"https:\/\/api.w.org\/{rel}","templated":true}]}}