{"id":37823,"date":"2026-02-19T14:36:22","date_gmt":"2026-02-19T14:36:22","guid":{"rendered":"https:\/\/lookruncompany.com\/?product=5w-30-vtx-lts-5l-nerol-lubricants"},"modified":"2026-02-19T14:36:22","modified_gmt":"2026-02-19T14:36:22","slug":"5w-30-vtx-lts-5l-nerol-lubricants","status":"publish","type":"product","link":"https:\/\/lookruncompany.com\/?product=5w-30-vtx-lts-5l-nerol-lubricants","title":{"rendered":"5W-30 VTX LTS 5L &#8211; Nerol Lubricants"},"content":{"rendered":"<p>Aceite sint\u00e9tico ahorrador de combustible, con aditivos de \u00faltima generaci\u00f3n que brindan alta protecci\u00f3n y rendimiento en motores gasolina y di\u00e9sel de \u00faltima generaci\u00f3n.<\/p>\n","protected":false},"excerpt":{"rendered":"<p>Aceite sint\u00e9tico ahorrador de combustible, con aditivos de \u00faltima generaci\u00f3n que brindan alta protecci\u00f3n y rendimiento en motores gasolina y di\u00e9sel de \u00faltima generaci\u00f3n.<\/p>\n","protected":false},"featured_media":37822,"comment_status":"open","ping_status":"closed","template":"","meta":{"_acf_changed":false},"product_brand":[],"product_cat":[257773],"product_tag":[],"class_list":{"0":"post-37823","1":"product","2":"type-product","3":"status-publish","4":"has-post-thumbnail","6":"product_cat-5w-30","8":"first","9":"instock","10":"taxable","11":"shipping-taxable","12":"purchasable","13":"product-type-simple"},"acf":[],"_links":{"self":[{"href":"https:\/\/lookruncompany.com\/index.php?rest_route=\/wp\/v2\/product\/37823","targetHints":{"allow":["GET"]}}],"collection":[{"href":"https:\/\/lookruncompany.com\/index.php?rest_route=\/wp\/v2\/product"}],"about":[{"href":"https:\/\/lookruncompany.com\/index.php?rest_route=\/wp\/v2\/types\/product"}],"replies":[{"embeddable":true,"href":"https:\/\/lookruncompany.com\/index.php?rest_route=%2Fwp%2Fv2%2Fcomments&post=37823"}],"version-history":[{"count":0,"href":"https:\/\/lookruncompany.com\/index.php?rest_route=\/wp\/v2\/product\/37823\/revisions"}],"wp:featuredmedia":[{"embeddable":true,"href":"https:\/\/lookruncompany.com\/index.php?rest_route=\/wp\/v2\/media\/37822"}],"wp:attachment":[{"href":"https:\/\/lookruncompany.com\/index.php?rest_route=%2Fwp%2Fv2%2Fmedia&parent=37823"}],"wp:term":[{"taxonomy":"product_brand","embeddable":true,"href":"https:\/\/lookruncompany.com\/index.php?rest_route=%2Fwp%2Fv2%2Fproduct_brand&post=37823"},{"taxonomy":"product_cat","embeddable":true,"href":"https:\/\/lookruncompany.com\/index.php?rest_route=%2Fwp%2Fv2%2Fproduct_cat&post=37823"},{"taxonomy":"product_tag","embeddable":true,"href":"https:\/\/lookruncompany.com\/index.php?rest_route=%2Fwp%2Fv2%2Fproduct_tag&post=37823"}],"curies":[{"name":"wp","href":"https:\/\/api.w.org\/{rel}","templated":true}]}}