{"id":37698,"date":"2026-02-18T09:58:22","date_gmt":"2026-02-18T09:58:22","guid":{"rendered":"https:\/\/lookruncompany.com\/?product=0w-30-vts-gtm-5l-nerol-lubricants"},"modified":"2026-02-19T14:35:06","modified_gmt":"2026-02-19T14:35:06","slug":"0w-30-vts-gtm-5l-nerol-lubricants","status":"publish","type":"product","link":"https:\/\/lookruncompany.com\/?product=0w-30-vts-gtm-5l-nerol-lubricants","title":{"rendered":"0W-30 VTS GTM 5L &#8211; Nerol Lubricants"},"content":{"rendered":"<p>Aceite 100% sint\u00e9tico (base PAO) para la mayor\u00eda de veh\u00edculos alemanes<\/p>\n","protected":false},"excerpt":{"rendered":"<p>Aceite 100% sint\u00e9tico (base PAO) para la mayor\u00eda de veh\u00edculos alemanes<\/p>\n","protected":false},"featured_media":37731,"comment_status":"open","ping_status":"closed","template":"","meta":{"_acf_changed":false},"product_brand":[],"product_cat":[257767],"product_tag":[],"class_list":{"0":"post-37698","1":"product","2":"type-product","3":"status-publish","4":"has-post-thumbnail","6":"product_cat-0w-30","8":"first","9":"instock","10":"taxable","11":"shipping-taxable","12":"purchasable","13":"product-type-simple"},"acf":[],"_links":{"self":[{"href":"https:\/\/lookruncompany.com\/index.php?rest_route=\/wp\/v2\/product\/37698","targetHints":{"allow":["GET"]}}],"collection":[{"href":"https:\/\/lookruncompany.com\/index.php?rest_route=\/wp\/v2\/product"}],"about":[{"href":"https:\/\/lookruncompany.com\/index.php?rest_route=\/wp\/v2\/types\/product"}],"replies":[{"embeddable":true,"href":"https:\/\/lookruncompany.com\/index.php?rest_route=%2Fwp%2Fv2%2Fcomments&post=37698"}],"version-history":[{"count":0,"href":"https:\/\/lookruncompany.com\/index.php?rest_route=\/wp\/v2\/product\/37698\/revisions"}],"wp:featuredmedia":[{"embeddable":true,"href":"https:\/\/lookruncompany.com\/index.php?rest_route=\/wp\/v2\/media\/37731"}],"wp:attachment":[{"href":"https:\/\/lookruncompany.com\/index.php?rest_route=%2Fwp%2Fv2%2Fmedia&parent=37698"}],"wp:term":[{"taxonomy":"product_brand","embeddable":true,"href":"https:\/\/lookruncompany.com\/index.php?rest_route=%2Fwp%2Fv2%2Fproduct_brand&post=37698"},{"taxonomy":"product_cat","embeddable":true,"href":"https:\/\/lookruncompany.com\/index.php?rest_route=%2Fwp%2Fv2%2Fproduct_cat&post=37698"},{"taxonomy":"product_tag","embeddable":true,"href":"https:\/\/lookruncompany.com\/index.php?rest_route=%2Fwp%2Fv2%2Fproduct_tag&post=37698"}],"curies":[{"name":"wp","href":"https:\/\/api.w.org\/{rel}","templated":true}]}}