{"id":125729,"date":"2026-04-24T10:13:40","date_gmt":"2026-04-24T10:13:40","guid":{"rendered":"https:\/\/lookruncompany.com\/?product=malco-automotive-complete-wheel-tire-cleaner-3"},"modified":"2026-04-24T10:32:46","modified_gmt":"2026-04-24T10:32:46","slug":"malco-automotive-complete-wheel-tire-cleaner-3","status":"publish","type":"product","link":"https:\/\/lookruncompany.com\/?product=malco-automotive-complete-wheel-tire-cleaner-3","title":{"rendered":"Malco Automotive Complete\u2122 Wheel &#038; Tire Cleaner"},"content":{"rendered":"<p>Malco Automotive es una marca especializada en productos profesionales para limpieza y detailing.<\/p>\n<p>En nuestra tienda trabajamos como distribuidores de Malco Automotive, ofreciendo soluciones tanto para uso profesional como para aficionados al cuidado del veh\u00edculo.<\/p>\n<p>Este producto pertenece a la categor\u00eda: Exterior > Limpiadores y desengrasantes > Limpia llantas.<\/p>\n<p>Complete\u2122 Wheel &#038; Tire Cleaner es un limpiador de neum\u00e1ticos todo en uno que es seguro para pr\u00e1cticamente todo tipo de ruedas. Esta f\u00f3rmula \u00fanica disuelve y afloja el polvo de frenos quemado, la grasa, el aceite y la suciedad, lo que lo convierte en uno de los limpiadores de ruedas y neum\u00e1ticos m\u00e1s potentes y efectivos del mercado. Caracter\u00edsticas y beneficios F\u00f3rmula todo en uno lista para usar que limpia neum\u00e1ticos y ruedas al mismo tiempo El limpiador de neum\u00e1ticos para autom\u00f3viles sin \u00e1cido es seguro para usar en pr\u00e1cticamente todo tipo de ruedas Disuelve y afloja el polvo de freno, la grasa, el aceite y la suciedad acumulados SDS, TDS, y Documentaci\u00f3n de ingredientes C\u00f3mo se aplica Para ver la SDS, la TDS y los ingredientes asociados de este producto, puede buscarlos AQU\u00cd . Limpiar las ruedas de un veh\u00edculo no tiene por qu\u00e9 ser complicado ni llevar mucho tiempo. La parte m\u00e1s dif\u00edcil puede ser decidir qu\u00e9 limpiador de ruedas y neum\u00e1ticos es el mejor para su aplicaci\u00f3n. Al limpiar ruedas y neum\u00e1ticos, primero debe decidir si va a limpiar solo la rueda y luego con un limpiador de neum\u00e1ticos o si va a limpiar las ruedas y los neum\u00e1ticos al mismo tiempo. A continuaci\u00f3n, siempre debe considerar qu\u00e9 tipo de ruedas va a limpiar. \u00bfLas ruedas est\u00e1n revestidas de aleaci\u00f3n de aluminio, acero, cromo, con revestimiento en polvo o pl\u00e1stico? Una vez que determine el tipo de rueda, querr\u00e1 seleccionar un limpiador de ruedas y neum\u00e1ticos aprobado para el tipo de rueda del veh\u00edculo. Supongamos que desea tomar la ruta segura. En ese caso, Malco recomienda seleccionar un limpiador de uso general vers\u00e1til como nuestro limpiador de ruedas y neum\u00e1ticos sin \u00e1cido Complete\u2122, un excelente limpiador listo para usar tanto para ruedas como para neum\u00e1ticos que es seguro para pr\u00e1cticamente todos los tipos de ruedas y funciona en cinco pasos r\u00e1pidos. Instrucciones: Comience con una rueda fr\u00eda y seca. Roc\u00ede abundantemente el limpiador sobre la rueda y el neum\u00e1tico. Deje que el limpiador act\u00fae sobre la superficie durante cinco minutos. Puede ser necesario agitar con un cepillo para ruedas y neum\u00e1ticos si la rueda est\u00e1 muy sucia. Enjuague bien la rueda con agua limpia hasta que se haya disipado toda la espuma. Recuerde algunos puntos cr\u00edticos para proteger sus ruedas y neum\u00e1ticos contra da\u00f1os al limpiarlos. Limpie siempre una rueda a la vez. Nunca aplique limpiador de ruedas y neum\u00e1ticos a ruedas calientes. Si lo hace, puede da\u00f1ar la rueda. No permita que el limpiador de ruedas y neum\u00e1ticos se seque sobre los neum\u00e1ticos. Si lo hace, puede da\u00f1ar la goma. Una vez que haya terminado de limpiar las cuatro ruedas y neum\u00e1ticos, ahora est\u00e1 listo para pasar a lavar el veh\u00edculo.<\/p>\n<p>Referencia: 122901<\/p>\n","protected":false},"excerpt":{"rendered":"<p>Complete\u2122 Wheel &#038; Tire Cleaner es un limpiador de neum\u00e1ticos todo en uno que es seguro para pr\u00e1cticamente todo tipo de ruedas. Esta f\u00f3rmula \u00fanica disuelve y afloja el polvo de frenos quemado, la grasa, el aceite y la suciedad, lo que lo convierte en uno de los limpiadores de&#8230;<\/p>\n","protected":false},"featured_media":124862,"comment_status":"open","ping_status":"closed","template":"","meta":{"_acf_changed":false},"product_brand":[],"product_cat":[689175],"product_tag":[],"class_list":{"0":"post-125729","1":"product","2":"type-product","3":"status-publish","4":"has-post-thumbnail","6":"product_cat-limpia-llantas","8":"first","9":"instock","10":"taxable","11":"shipping-taxable","12":"purchasable","13":"product-type-variable"},"acf":[],"_links":{"self":[{"href":"https:\/\/lookruncompany.com\/index.php?rest_route=\/wp\/v2\/product\/125729","targetHints":{"allow":["GET"]}}],"collection":[{"href":"https:\/\/lookruncompany.com\/index.php?rest_route=\/wp\/v2\/product"}],"about":[{"href":"https:\/\/lookruncompany.com\/index.php?rest_route=\/wp\/v2\/types\/product"}],"replies":[{"embeddable":true,"href":"https:\/\/lookruncompany.com\/index.php?rest_route=%2Fwp%2Fv2%2Fcomments&post=125729"}],"version-history":[{"count":0,"href":"https:\/\/lookruncompany.com\/index.php?rest_route=\/wp\/v2\/product\/125729\/revisions"}],"wp:featuredmedia":[{"embeddable":true,"href":"https:\/\/lookruncompany.com\/index.php?rest_route=\/wp\/v2\/media\/124862"}],"wp:attachment":[{"href":"https:\/\/lookruncompany.com\/index.php?rest_route=%2Fwp%2Fv2%2Fmedia&parent=125729"}],"wp:term":[{"taxonomy":"product_brand","embeddable":true,"href":"https:\/\/lookruncompany.com\/index.php?rest_route=%2Fwp%2Fv2%2Fproduct_brand&post=125729"},{"taxonomy":"product_cat","embeddable":true,"href":"https:\/\/lookruncompany.com\/index.php?rest_route=%2Fwp%2Fv2%2Fproduct_cat&post=125729"},{"taxonomy":"product_tag","embeddable":true,"href":"https:\/\/lookruncompany.com\/index.php?rest_route=%2Fwp%2Fv2%2Fproduct_tag&post=125729"}],"curies":[{"name":"wp","href":"https:\/\/api.w.org\/{rel}","templated":true}]}}