{"id":125677,"date":"2026-04-24T09:27:25","date_gmt":"2026-04-24T09:27:25","guid":{"rendered":"https:\/\/lookruncompany.com\/?product=malco-automotive-clean-shine-2"},"modified":"2026-04-24T09:27:25","modified_gmt":"2026-04-24T09:27:25","slug":"malco-automotive-clean-shine-2","status":"publish","type":"product","link":"https:\/\/lookruncompany.com\/?product=malco-automotive-clean-shine-2","title":{"rendered":"Malco Automotive Clean &#038; Shine"},"content":{"rendered":"<p>Malco Automotive es una marca especializada en productos profesionales para limpieza y detailing.<\/p>\n<p>En nuestra tienda trabajamos como distribuidores de Malco Automotive, ofreciendo soluciones tanto para uso profesional como para aficionados al cuidado del veh\u00edculo.<\/p>\n<p>Este producto pertenece a la categor\u00eda: Exterior > Kits.<\/p>\n<p>El limpiador de interiores Clean &#038; Shine\u2122 de Malco para cuero, pl\u00e1stico y vinilo es un l\u00edquido limpiador y protector de interiores en uno. El limpiador de interiores Clean &#038; Shine elimina la grasa y la suciedad y restaura un brillo satinado intenso a las superficies interiores sin dejar residuos aceitosos ni grasosos. Esta f\u00f3rmula con aroma a lim\u00f3n no est\u00e1 llena de productos qu\u00edmicos fuertes y es ideal para limpiar tableros, consolas, volantes, asientos y paneles de puertas. Clean &#038; Shine es uno de los productos para el cuidado del autom\u00f3vil m\u00e1s vendidos de Malco y es lo que los limpiadores profesionales usan para limpiar el interior de un veh\u00edculo. Clean &#038; Shine es r\u00e1pido y f\u00e1cil de aplicar con una toalla de microfibra y deja un acabado satinado que restaura las superficies interiores a su apariencia original. Malco recomienda explorar nuestros limpiadores de tapicer\u00eda, limpiadores de vidrios y otros productos para el cuidado del cuero del autom\u00f3vil con inhibidores de rayos UV si desea productos de limpieza adicionales para el interior del autom\u00f3vil. Tambi\u00e9n ofrecemos una selecci\u00f3n completa de otros productos de limpieza general, incluidos limpiadores especiales, limpiadores de ruedas, pulimentos y accesorios como toallas de microfibra, pulverizadores y cepillos de limpieza de interiores. Caracter\u00edsticas y beneficios Ahorre tiempo con la aplicaci\u00f3n en un solo paso, limpia y da brillo al mismo tiempo Restaura el material a su apariencia original \u00abcomo nueva\u00bb Sin residuos aceitosos ni grasosos Ayuda a prevenir el secado, la decoloraci\u00f3n y el agrietamiento No est\u00e1 dise\u00f1ado para superficies de vidrio o tela SDS, TDS, y Documentaci\u00f3n de ingredientes C\u00f3mo se aplica Para ver la SDS, la TDS y los ingredientes asociados de este producto, puede buscarlos AQU\u00cd . Agite bien el producto antes de usarlo. Compruebe la solidez del color en un \u00e1rea poco visible. Roc\u00ede el producto para detalles de interiores sobre una toalla o esponja de microfibra limpia y p\u00e1selo por la superficie interior que se va a limpiar.<\/p>\n<p>Referencia: MALCO-CLEAN-SHINE<\/p>\n","protected":false},"excerpt":{"rendered":"<p>El limpiador de interiores Clean &#038; Shine\u2122 de Malco para cuero, pl\u00e1stico y vinilo es un l\u00edquido limpiador y protector de interiores en uno. El limpiador de interiores Clean &#038; Shine elimina la grasa y la suciedad y restaura un brillo satinado intenso a las superficies&#8230;<\/p>\n","protected":false},"featured_media":0,"comment_status":"open","ping_status":"closed","template":"","meta":{"_acf_changed":false},"product_brand":[],"product_cat":[689147,689152,689158,689156,689166,689143,689154,689160,689151,689142,689164,689141,689150,689167,689159,689173,689171,689161,689162,689144,689163,689168,689149,689153,689145,689148,689165,689155],"product_tag":[],"class_list":{"0":"post-125677","1":"product","2":"type-product","3":"status-publish","5":"product_cat-aerosol-sprays","6":"product_cat-alfombras-y-tapicerias","7":"product_cat-almohadillas-para-pulir","8":"product_cat-cepillos","9":"product_cat-cepillos-de-lavado-recomendado","10":"product_cat-correccion-de-pintura","11":"product_cat-cuero-y-superficie","12":"product_cat-detergentes-y-limpiadores","13":"product_cat-eliminacion-de-olores","14":"product_cat-epic-sistemas-completos","15":"product_cat-herramientas-y-accesorios","16":"product_cat-kits","17":"product_cat-kits-malco-automotive","18":"product_cat-kits-buscado","19":"product_cat-kits-de-detallado","20":"product_cat-lavado-para-coche","21":"product_cat-limpiadores-y-desengrasantes","22":"product_cat-limpiadores-y-lociones-de-mano","23":"product_cat-pinturas-y-tintes-new","24":"product_cat-preparacion-de-superficie","25":"product_cat-productos-de-tienda","26":"product_cat-proteccion-de-pintura","27":"product_cat-restauracion-de-faros","28":"product_cat-revestimientos-interiores","29":"product_cat-revestimientos-para-exterior","30":"product_cat-toallas","31":"product_cat-toallas-suministros","32":"product_cat-toallitas","34":"first","35":"outofstock","36":"taxable","37":"shipping-taxable","38":"product-type-variable"},"acf":[],"_links":{"self":[{"href":"https:\/\/lookruncompany.com\/index.php?rest_route=\/wp\/v2\/product\/125677","targetHints":{"allow":["GET"]}}],"collection":[{"href":"https:\/\/lookruncompany.com\/index.php?rest_route=\/wp\/v2\/product"}],"about":[{"href":"https:\/\/lookruncompany.com\/index.php?rest_route=\/wp\/v2\/types\/product"}],"replies":[{"embeddable":true,"href":"https:\/\/lookruncompany.com\/index.php?rest_route=%2Fwp%2Fv2%2Fcomments&post=125677"}],"version-history":[{"count":0,"href":"https:\/\/lookruncompany.com\/index.php?rest_route=\/wp\/v2\/product\/125677\/revisions"}],"wp:attachment":[{"href":"https:\/\/lookruncompany.com\/index.php?rest_route=%2Fwp%2Fv2%2Fmedia&parent=125677"}],"wp:term":[{"taxonomy":"product_brand","embeddable":true,"href":"https:\/\/lookruncompany.com\/index.php?rest_route=%2Fwp%2Fv2%2Fproduct_brand&post=125677"},{"taxonomy":"product_cat","embeddable":true,"href":"https:\/\/lookruncompany.com\/index.php?rest_route=%2Fwp%2Fv2%2Fproduct_cat&post=125677"},{"taxonomy":"product_tag","embeddable":true,"href":"https:\/\/lookruncompany.com\/index.php?rest_route=%2Fwp%2Fv2%2Fproduct_tag&post=125677"}],"curies":[{"name":"wp","href":"https:\/\/api.w.org\/{rel}","templated":true}]}}