{"id":124992,"date":"2026-04-24T08:08:59","date_gmt":"2026-04-24T08:08:59","guid":{"rendered":"https:\/\/lookruncompany.com\/?product=malco-automotive-leather-plastic-cleaner"},"modified":"2026-04-24T08:08:59","modified_gmt":"2026-04-24T08:08:59","slug":"malco-automotive-leather-plastic-cleaner","status":"publish","type":"product","link":"https:\/\/lookruncompany.com\/?product=malco-automotive-leather-plastic-cleaner","title":{"rendered":"Malco Automotive Leather &#038; Plastic Cleaner"},"content":{"rendered":"<p>Malco Automotive es una marca especializada en productos profesionales para limpieza y detailing.<\/p>\n<p>En nuestra tienda trabajamos como distribuidores de Malco Automotive, ofreciendo soluciones tanto para uso profesional como para aficionados al cuidado del veh\u00edculo.<\/p>\n<p>Este producto pertenece a la categor\u00eda: Exterior > Kits.<\/p>\n<p>El limpiador de cuero y pl\u00e1stico es la opci\u00f3n cl\u00e1sica para restaurar la apariencia nueva de las superficies de cuero, pl\u00e1stico y vinilo. Caracter\u00edsticas y beneficios El primer producto para autom\u00f3viles de Malco F\u00f3rmula penetrante especial que elimina el aceite, la suciedad y la mugre hasta los poros Apto para talleres de carrocer\u00eda Acabado limpio y sin pel\u00edcula SDS, TDS, y Documentaci\u00f3n de ingredientes C\u00f3mo se aplica Para ver la SDS, la TDS y los ingredientes asociados de este producto, puede buscarlos AQU\u00cd . Mantener limpios los interiores de cuero puede ser un desaf\u00edo. La grasa, la suciedad, la transferencia de color y las manchas se acumulan con el tiempo y hacen que la limpieza sea a\u00fan m\u00e1s abrumadora. Afortunadamente, tenemos el producto perfecto para eliminar todas estas imperfecciones y hacer que su cuero luzca como nuevo. Leather &#038; Plastic Cleaner fue el primer producto de limpieza automotriz que desarrollamos. Tambi\u00e9n es nuestro limpiador de interiores m\u00e1s poderoso. Su f\u00f3rmula especial penetra en los poros de las superficies m\u00e1s sucias, dej\u00e1ndolas limpias y sin pel\u00edcula. No deja ning\u00fan tipo de acabado ni brillo, lo que lo hace perfecto para restaurar un aspecto limpio y natural. Leather &#038; Plastic Cleaner es apto para talleres de carrocer\u00eda y se puede usar en superficies de cuero, pl\u00e1stico y vinilo. Instrucciones de aplicaci\u00f3n Antes de comenzar, evite usar el limpiador de cuero y pl\u00e1stico bajo la luz solar directa o a temperaturas superiores a 75 grados. Pruebe el producto. Este es un limpiador potente y siempre debe probarse en un \u00e1rea poco visible para comprobar la solidez del color. Si el color cambia, deje de usarlo inmediatamente. Aplique el producto. La aplicaci\u00f3n es sencilla. Roc\u00ede el producto sobre un pa\u00f1o o aplicador y frote sobre la superficie deseada. Luego, aplique el producto a fondo. No roc\u00ede cuero ni pl\u00e1stico directamente sobre la superficie que desea limpiar. Seque con un pa\u00f1o. Una vez que el \u00e1rea est\u00e9 limpia, seque la superficie con un pa\u00f1o nuevo para eliminar el exceso de limpiador y revelar una superficie que se vea nueva nuevamente. El limpiador de cuero y pl\u00e1stico es la soluci\u00f3n perfecta para deshacerse de la grasa, la mugre y la suciedad m\u00e1s dif\u00edciles. En solo unos minutos, se pueden eliminar f\u00e1cilmente a\u00f1os de sudor y transferencia de color de las superficies interiores. Limpiar cuero, pl\u00e1stico y vinilo nunca ha sido tan f\u00e1cil.<\/p>\n<p>Referencia: 100116<\/p>\n","protected":false},"excerpt":{"rendered":"<p>El limpiador de cuero y pl\u00e1stico es la opci\u00f3n cl\u00e1sica para restaurar la apariencia nueva de las superficies de cuero, pl\u00e1stico y vinilo. Caracter\u00edsticas y beneficios El primer producto para autom\u00f3viles de Malco F\u00f3rmula penetrante especial que elimina el aceite, la suciedad y&#8230;<\/p>\n","protected":false},"featured_media":124860,"comment_status":"open","ping_status":"closed","template":"","meta":{"_acf_changed":false},"product_brand":[],"product_cat":[689147,689152,689158,689156,689166,689143,689154,689160,689151,689142,689164,689141,689150,689167,689159,689173,689171,689161,689162,689144,689163,689168,689149,689153,689145,689148,689165,689155],"product_tag":[],"class_list":{"0":"post-124992","1":"product","2":"type-product","3":"status-publish","4":"has-post-thumbnail","6":"product_cat-aerosol-sprays","7":"product_cat-alfombras-y-tapicerias","8":"product_cat-almohadillas-para-pulir","9":"product_cat-cepillos","10":"product_cat-cepillos-de-lavado-recomendado","11":"product_cat-correccion-de-pintura","12":"product_cat-cuero-y-superficie","13":"product_cat-detergentes-y-limpiadores","14":"product_cat-eliminacion-de-olores","15":"product_cat-epic-sistemas-completos","16":"product_cat-herramientas-y-accesorios","17":"product_cat-kits","18":"product_cat-kits-malco-automotive","19":"product_cat-kits-buscado","20":"product_cat-kits-de-detallado","21":"product_cat-lavado-para-coche","22":"product_cat-limpiadores-y-desengrasantes","23":"product_cat-limpiadores-y-lociones-de-mano","24":"product_cat-pinturas-y-tintes-new","25":"product_cat-preparacion-de-superficie","26":"product_cat-productos-de-tienda","27":"product_cat-proteccion-de-pintura","28":"product_cat-restauracion-de-faros","29":"product_cat-revestimientos-interiores","30":"product_cat-revestimientos-para-exterior","31":"product_cat-toallas","32":"product_cat-toallas-suministros","33":"product_cat-toallitas","35":"first","36":"instock","37":"taxable","38":"shipping-taxable","39":"product-type-simple"},"acf":[],"_links":{"self":[{"href":"https:\/\/lookruncompany.com\/index.php?rest_route=\/wp\/v2\/product\/124992","targetHints":{"allow":["GET"]}}],"collection":[{"href":"https:\/\/lookruncompany.com\/index.php?rest_route=\/wp\/v2\/product"}],"about":[{"href":"https:\/\/lookruncompany.com\/index.php?rest_route=\/wp\/v2\/types\/product"}],"replies":[{"embeddable":true,"href":"https:\/\/lookruncompany.com\/index.php?rest_route=%2Fwp%2Fv2%2Fcomments&post=124992"}],"version-history":[{"count":0,"href":"https:\/\/lookruncompany.com\/index.php?rest_route=\/wp\/v2\/product\/124992\/revisions"}],"wp:featuredmedia":[{"embeddable":true,"href":"https:\/\/lookruncompany.com\/index.php?rest_route=\/wp\/v2\/media\/124860"}],"wp:attachment":[{"href":"https:\/\/lookruncompany.com\/index.php?rest_route=%2Fwp%2Fv2%2Fmedia&parent=124992"}],"wp:term":[{"taxonomy":"product_brand","embeddable":true,"href":"https:\/\/lookruncompany.com\/index.php?rest_route=%2Fwp%2Fv2%2Fproduct_brand&post=124992"},{"taxonomy":"product_cat","embeddable":true,"href":"https:\/\/lookruncompany.com\/index.php?rest_route=%2Fwp%2Fv2%2Fproduct_cat&post=124992"},{"taxonomy":"product_tag","embeddable":true,"href":"https:\/\/lookruncompany.com\/index.php?rest_route=%2Fwp%2Fv2%2Fproduct_tag&post=124992"}],"curies":[{"name":"wp","href":"https:\/\/api.w.org\/{rel}","templated":true}]}}