{"id":124981,"date":"2026-04-24T08:08:50","date_gmt":"2026-04-24T08:08:50","guid":{"rendered":"https:\/\/lookruncompany.com\/?product=malco-automotive-red-thunder-biodegradable-degreaser"},"modified":"2026-04-24T08:08:50","modified_gmt":"2026-04-24T08:08:50","slug":"malco-automotive-red-thunder-biodegradable-degreaser","status":"publish","type":"product","link":"https:\/\/lookruncompany.com\/?product=malco-automotive-red-thunder-biodegradable-degreaser","title":{"rendered":"Malco Automotive Red Thunder\u00ae Biodegradable Degreaser"},"content":{"rendered":"<p>Malco Automotive es una marca especializada en productos profesionales para limpieza y detailing.<\/p>\n<p>En nuestra tienda trabajamos como distribuidores de Malco Automotive, ofreciendo soluciones tanto para uso profesional como para aficionados al cuidado del veh\u00edculo.<\/p>\n<p>Este producto pertenece a la categor\u00eda: Exterior > Limpiadores y desengrasantes > Desengrasamtes y limpiadores generales.<\/p>\n<p>Red Thunder\u00ae es un desengrasante no c\u00e1ustico altamente concentrado dise\u00f1ado para eliminar una amplia variedad de suciedad y aceites de superficies duras y blandas. Esta f\u00f3rmula biodegradable se limpia con enjuague, no deja residuos y es segura para superficies de aluminio. Caracter\u00edsticas y beneficios F\u00f3rmula no c\u00e1ustica, segura para el aluminio Disuelve y emulsiona la grasa y la suciedad de superficies duras y blandas Biodegradable, libre de fosfatos y compatible con COV Se puede diluir hasta 1:10 SDS, TDS, y Documentaci\u00f3n de ingredientes C\u00f3mo se aplica Para ver la SDS, la TDS y los ingredientes asociados de este producto, puede buscarlos AQU\u00cd . Diluir el producto. Para suciedades pesadas en motores, neum\u00e1ticos, ruedas, paredes blancas y hormig\u00f3n, diluir con agua en una proporci\u00f3n de 1:1. Para guardabarros, alfombrillas y manchas de \u00e1rboles, diluir 1:3. Para uso general, diluir 1:5. Rociar el producto directamente sobre el \u00e1rea deseada. No es necesario utilizar almohadillas o toallas para aplicar este producto. Dejar actuar el producto. Esto deber\u00eda llevar entre uno y tres minutos. Enjuagar bien. Para alfombras, tapicer\u00eda, vinilo o pl\u00e1stico: Diluya Red Thunder. Cuando trabaje con alfombras, tapicer\u00eda, vinilo y pl\u00e1stico, deber\u00e1 diluir el producto con agua en una proporci\u00f3n de 1:10. Pruebe la solidez del color. Roc\u00ede el producto. Al igual que antes, puede rociar Red Thunder directamente sobre la superficie sin necesidad de ning\u00fan aplicador. Seque o extraiga el exceso de l\u00edquido. Recomendamos usar una toalla de microfibra sin bordes. \u00a1Y listo! El desengrasante biodegradable Red Thunder es lo m\u00e1s parecido a un limpiador universal que puede conseguir un detallista. Desde ruedas hasta aluminio e interiores, Red Thunder es una opci\u00f3n de limpieza segura y eficaz para abordar casi cualquier trabajo.<\/p>\n<p>Referencia: 102301<\/p>\n","protected":false},"excerpt":{"rendered":"<p>Red Thunder\u00ae es un desengrasante no c\u00e1ustico altamente concentrado dise\u00f1ado para eliminar una amplia variedad de suciedad y aceites de superficies duras y blandas. Esta f\u00f3rmula biodegradable se limpia con enjuague, no deja residuos y es segura para superficies de aluminio&#8230;.<\/p>\n","protected":false},"featured_media":124870,"comment_status":"open","ping_status":"closed","template":"","meta":{"_acf_changed":false},"product_brand":[],"product_cat":[689147,689170,689152,689158,689156,689166,689143,689154,689177,689160,689151,689142,689164,689150,689141,689167,689159,689179,689172,689178,689161,689162,689144,689163,689168,689149,689153,689145,689165,689148,689155],"product_tag":[],"class_list":{"0":"post-124981","1":"product","2":"type-product","3":"status-publish","4":"has-post-thumbnail","6":"product_cat-aerosol-sprays","7":"product_cat-aerosoles-sprays","8":"product_cat-alfombras-y-tapicerias","9":"product_cat-almohadillas-para-pulir","10":"product_cat-cepillos","11":"product_cat-cepillos-de-lavado-recomendado","12":"product_cat-correccion-de-pintura","13":"product_cat-cuero-y-superficie","14":"product_cat-desengrasamtes-y-limpiadores-generales","15":"product_cat-detergentes-y-limpiadores","16":"product_cat-eliminacion-de-olores","17":"product_cat-epic-sistemas-completos","18":"product_cat-herramientas-y-accesorios","19":"product_cat-kits-malco-automotive","20":"product_cat-kits","21":"product_cat-kits-buscado","22":"product_cat-kits-de-detallado","23":"product_cat-lavar","24":"product_cat-limpia-cristales","25":"product_cat-limpiadores-especiales","26":"product_cat-limpiadores-y-lociones-de-mano","27":"product_cat-pinturas-y-tintes-new","28":"product_cat-preparacion-de-superficie","29":"product_cat-productos-de-tienda","30":"product_cat-proteccion-de-pintura","31":"product_cat-restauracion-de-faros","32":"product_cat-revestimientos-interiores","33":"product_cat-revestimientos-para-exterior","34":"product_cat-toallas-suministros","35":"product_cat-toallas","36":"product_cat-toallitas","38":"first","39":"instock","40":"taxable","41":"shipping-taxable","42":"product-type-simple"},"acf":[],"_links":{"self":[{"href":"https:\/\/lookruncompany.com\/index.php?rest_route=\/wp\/v2\/product\/124981","targetHints":{"allow":["GET"]}}],"collection":[{"href":"https:\/\/lookruncompany.com\/index.php?rest_route=\/wp\/v2\/product"}],"about":[{"href":"https:\/\/lookruncompany.com\/index.php?rest_route=\/wp\/v2\/types\/product"}],"replies":[{"embeddable":true,"href":"https:\/\/lookruncompany.com\/index.php?rest_route=%2Fwp%2Fv2%2Fcomments&post=124981"}],"version-history":[{"count":0,"href":"https:\/\/lookruncompany.com\/index.php?rest_route=\/wp\/v2\/product\/124981\/revisions"}],"wp:featuredmedia":[{"embeddable":true,"href":"https:\/\/lookruncompany.com\/index.php?rest_route=\/wp\/v2\/media\/124870"}],"wp:attachment":[{"href":"https:\/\/lookruncompany.com\/index.php?rest_route=%2Fwp%2Fv2%2Fmedia&parent=124981"}],"wp:term":[{"taxonomy":"product_brand","embeddable":true,"href":"https:\/\/lookruncompany.com\/index.php?rest_route=%2Fwp%2Fv2%2Fproduct_brand&post=124981"},{"taxonomy":"product_cat","embeddable":true,"href":"https:\/\/lookruncompany.com\/index.php?rest_route=%2Fwp%2Fv2%2Fproduct_cat&post=124981"},{"taxonomy":"product_tag","embeddable":true,"href":"https:\/\/lookruncompany.com\/index.php?rest_route=%2Fwp%2Fv2%2Fproduct_tag&post=124981"}],"curies":[{"name":"wp","href":"https:\/\/api.w.org\/{rel}","templated":true}]}}