{"id":124975,"date":"2026-04-24T08:08:46","date_gmt":"2026-04-24T08:08:46","guid":{"rendered":"https:\/\/lookruncompany.com\/?product=malco-automotive-cw-37-premium-car-truck-wash-concentrate"},"modified":"2026-04-24T08:08:46","modified_gmt":"2026-04-24T08:08:46","slug":"malco-automotive-cw-37-premium-car-truck-wash-concentrate","status":"publish","type":"product","link":"https:\/\/lookruncompany.com\/?product=malco-automotive-cw-37-premium-car-truck-wash-concentrate","title":{"rendered":"Malco Automotive Cw-37\u2122 Premium Car &#038; Truck Wash Concentrate"},"content":{"rendered":"<p>Malco Automotive es una marca especializada en productos profesionales para limpieza y detailing.<\/p>\n<p>En nuestra tienda trabajamos como distribuidores de Malco Automotive, ofreciendo soluciones tanto para uso profesional como para aficionados al cuidado del veh\u00edculo.<\/p>\n<p>Este producto pertenece a la categor\u00eda: Exterior > Lavado para coche > Lavar.<\/p>\n<p>CW-37 es un limpiador biodegradable y sin fosfatos que elimina la suciedad, la pel\u00edcula de la carretera y la sal de forma r\u00e1pida, eficaz y completa en lavados de autom\u00f3viles autom\u00e1ticos, semiautom\u00e1ticos y manuales. Caracter\u00edsticas y beneficios La f\u00f3rmula de alta espuma se adhiere al veh\u00edculo, lo que la hace excelente para los ca\u00f1ones de espuma Altamente concentrado para un bajo costo por uso en una diluci\u00f3n de 1:400 Alta lubricidad, lo que hace que el lavado sea r\u00e1pido y f\u00e1cil y evita las marcas del pincel F\u00f3rmula con aroma a cereza No elimina la cera SDS, TDS, y Documentaci\u00f3n de ingredientes C\u00f3mo se aplica Avisos Para ver la SDS, la TDS y los ingredientes asociados de este producto, puede buscarlos AQU\u00cd . Agregue una onza de CW-37 por cada tres galones de agua. Limpie con un guante de lavado o una esponja de lavado. Enjuague bien. Seque con una gamuza o una toalla de microfibra suave y limpia. La tasa de diluci\u00f3n recomendada es 1:400. Puede ser necesaria una diluci\u00f3n mayor o menor seg\u00fan la dureza del agua. Para los sistemas de lavado autom\u00e1tico, consulte las recomendaciones de preparaci\u00f3n de la soluci\u00f3n del fabricante del equipo para producir la concentraci\u00f3n de soluci\u00f3n deseada. AVISO: Cancer\u00edgeno &#8211; https:\/\/www.p65warnings.ca.gov\/<\/p>\n<p>Referencia: 105701<\/p>\n","protected":false},"excerpt":{"rendered":"<p>CW-37 es un limpiador biodegradable y sin fosfatos que elimina la suciedad, la pel\u00edcula de la carretera y la sal de forma r\u00e1pida, eficaz y completa en lavados de autom\u00f3viles autom\u00e1ticos, semiautom\u00e1ticos y manuales. Caracter\u00edsticas y beneficios La f\u00f3rmula de alta espuma se&#8230;<\/p>\n","protected":false},"featured_media":124877,"comment_status":"open","ping_status":"closed","template":"","meta":{"_acf_changed":false},"product_brand":[],"product_cat":[689147,689170,689152,689158,689156,689166,689176,689154,689160,689151,689142,689164,689141,689150,689167,689159,689174,689179,689172,689175,689161,689162,689144,689163,689168,689149,689153,689145,689148,689165,689155],"product_tag":[],"class_list":{"0":"post-124975","1":"product","2":"type-product","3":"status-publish","4":"has-post-thumbnail","6":"product_cat-aerosol-sprays","7":"product_cat-aerosoles-sprays","8":"product_cat-alfombras-y-tapicerias","9":"product_cat-almohadillas-para-pulir","10":"product_cat-cepillos","11":"product_cat-cepillos-de-lavado-recomendado","12":"product_cat-compuestos","13":"product_cat-cuero-y-superficie","14":"product_cat-detergentes-y-limpiadores","15":"product_cat-eliminacion-de-olores","16":"product_cat-epic-sistemas-completos","17":"product_cat-herramientas-y-accesorios","18":"product_cat-kits","19":"product_cat-kits-malco-automotive","20":"product_cat-kits-buscado","21":"product_cat-kits-de-detallado","22":"product_cat-lavado-y-encerado","23":"product_cat-lavar","24":"product_cat-limpia-cristales","25":"product_cat-limpia-llantas","26":"product_cat-limpiadores-y-lociones-de-mano","27":"product_cat-pinturas-y-tintes-new","28":"product_cat-preparacion-de-superficie","29":"product_cat-productos-de-tienda","30":"product_cat-proteccion-de-pintura","31":"product_cat-restauracion-de-faros","32":"product_cat-revestimientos-interiores","33":"product_cat-revestimientos-para-exterior","34":"product_cat-toallas","35":"product_cat-toallas-suministros","36":"product_cat-toallitas","38":"first","39":"instock","40":"taxable","41":"shipping-taxable","42":"product-type-simple"},"acf":[],"_links":{"self":[{"href":"https:\/\/lookruncompany.com\/index.php?rest_route=\/wp\/v2\/product\/124975","targetHints":{"allow":["GET"]}}],"collection":[{"href":"https:\/\/lookruncompany.com\/index.php?rest_route=\/wp\/v2\/product"}],"about":[{"href":"https:\/\/lookruncompany.com\/index.php?rest_route=\/wp\/v2\/types\/product"}],"replies":[{"embeddable":true,"href":"https:\/\/lookruncompany.com\/index.php?rest_route=%2Fwp%2Fv2%2Fcomments&post=124975"}],"version-history":[{"count":0,"href":"https:\/\/lookruncompany.com\/index.php?rest_route=\/wp\/v2\/product\/124975\/revisions"}],"wp:featuredmedia":[{"embeddable":true,"href":"https:\/\/lookruncompany.com\/index.php?rest_route=\/wp\/v2\/media\/124877"}],"wp:attachment":[{"href":"https:\/\/lookruncompany.com\/index.php?rest_route=%2Fwp%2Fv2%2Fmedia&parent=124975"}],"wp:term":[{"taxonomy":"product_brand","embeddable":true,"href":"https:\/\/lookruncompany.com\/index.php?rest_route=%2Fwp%2Fv2%2Fproduct_brand&post=124975"},{"taxonomy":"product_cat","embeddable":true,"href":"https:\/\/lookruncompany.com\/index.php?rest_route=%2Fwp%2Fv2%2Fproduct_cat&post=124975"},{"taxonomy":"product_tag","embeddable":true,"href":"https:\/\/lookruncompany.com\/index.php?rest_route=%2Fwp%2Fv2%2Fproduct_tag&post=124975"}],"curies":[{"name":"wp","href":"https:\/\/api.w.org\/{rel}","templated":true}]}}