{"id":124974,"date":"2026-04-24T08:08:45","date_gmt":"2026-04-24T08:08:45","guid":{"rendered":"https:\/\/lookruncompany.com\/?product=malco-automotive-prizm-wash-wax"},"modified":"2026-04-24T08:08:46","modified_gmt":"2026-04-24T08:08:46","slug":"malco-automotive-prizm-wash-wax","status":"publish","type":"product","link":"https:\/\/lookruncompany.com\/?product=malco-automotive-prizm-wash-wax","title":{"rendered":"Malco Automotive Prizm\u2122 Wash &#038; Wax"},"content":{"rendered":"<p>Malco Automotive es una marca especializada en productos profesionales para limpieza y detailing.<\/p>\n<p>En nuestra tienda trabajamos como distribuidores de Malco Automotive, ofreciendo soluciones tanto para uso profesional como para aficionados al cuidado del veh\u00edculo.<\/p>\n<p>Este producto pertenece a la categor\u00eda: Exterior > Lavado para coche > Lavado y encerado.<\/p>\n<p>Prizm\u2122 Wash &#038; Wax limpia y proporciona un brillo intenso en un paso r\u00e1pido y sencillo. Los agentes de limpieza y las ceras avanzados trabajan juntos para eliminar la suciedad y dejar un brillo lustroso. Caracter\u00edsticas y beneficios Crea una espuma espesa y rica con un agradable aroma a canela Las l\u00e1minas de cera protectoras se secan con el agua y dejan un acabado sin manchas F\u00f3rmula econ\u00f3mica Proporci\u00f3n de diluci\u00f3n 1:64 SDS, TDS, y Documentaci\u00f3n de ingredientes Avisos Para ver la SDS, la TDS y los ingredientes asociados de este producto, puede buscarlos AQU\u00cd . AVISO: Cancer\u00edgeno &#8211; https:\/\/www.p65warnings.ca.gov\/<\/p>\n<p>Referencia: 129301<\/p>\n","protected":false},"excerpt":{"rendered":"<p>Prizm\u2122 Wash &#038; Wax limpia y proporciona un brillo intenso en un paso r\u00e1pido y sencillo. Los agentes de limpieza y las ceras avanzados trabajan juntos para eliminar la suciedad y dejar un brillo lustroso. Caracter\u00edsticas y beneficios Crea una espuma espesa y rica con un&#8230;<\/p>\n","protected":false},"featured_media":124878,"comment_status":"open","ping_status":"closed","template":"","meta":{"_acf_changed":false},"product_brand":[],"product_cat":[689147,689170,689152,689158,689156,689166,689143,689154,689177,689160,689151,689142,689164,689150,689141,689167,689159,689174,689172,689161,689162,689144,689163,689168,689149,689153,689145,689165,689148,689155],"product_tag":[],"class_list":{"0":"post-124974","1":"product","2":"type-product","3":"status-publish","4":"has-post-thumbnail","6":"product_cat-aerosol-sprays","7":"product_cat-aerosoles-sprays","8":"product_cat-alfombras-y-tapicerias","9":"product_cat-almohadillas-para-pulir","10":"product_cat-cepillos","11":"product_cat-cepillos-de-lavado-recomendado","12":"product_cat-correccion-de-pintura","13":"product_cat-cuero-y-superficie","14":"product_cat-desengrasamtes-y-limpiadores-generales","15":"product_cat-detergentes-y-limpiadores","16":"product_cat-eliminacion-de-olores","17":"product_cat-epic-sistemas-completos","18":"product_cat-herramientas-y-accesorios","19":"product_cat-kits-malco-automotive","20":"product_cat-kits","21":"product_cat-kits-buscado","22":"product_cat-kits-de-detallado","23":"product_cat-lavado-y-encerado","24":"product_cat-limpia-cristales","25":"product_cat-limpiadores-y-lociones-de-mano","26":"product_cat-pinturas-y-tintes-new","27":"product_cat-preparacion-de-superficie","28":"product_cat-productos-de-tienda","29":"product_cat-proteccion-de-pintura","30":"product_cat-restauracion-de-faros","31":"product_cat-revestimientos-interiores","32":"product_cat-revestimientos-para-exterior","33":"product_cat-toallas-suministros","34":"product_cat-toallas","35":"product_cat-toallitas","37":"first","38":"instock","39":"taxable","40":"shipping-taxable","41":"product-type-simple"},"acf":[],"_links":{"self":[{"href":"https:\/\/lookruncompany.com\/index.php?rest_route=\/wp\/v2\/product\/124974","targetHints":{"allow":["GET"]}}],"collection":[{"href":"https:\/\/lookruncompany.com\/index.php?rest_route=\/wp\/v2\/product"}],"about":[{"href":"https:\/\/lookruncompany.com\/index.php?rest_route=\/wp\/v2\/types\/product"}],"replies":[{"embeddable":true,"href":"https:\/\/lookruncompany.com\/index.php?rest_route=%2Fwp%2Fv2%2Fcomments&post=124974"}],"version-history":[{"count":0,"href":"https:\/\/lookruncompany.com\/index.php?rest_route=\/wp\/v2\/product\/124974\/revisions"}],"wp:featuredmedia":[{"embeddable":true,"href":"https:\/\/lookruncompany.com\/index.php?rest_route=\/wp\/v2\/media\/124878"}],"wp:attachment":[{"href":"https:\/\/lookruncompany.com\/index.php?rest_route=%2Fwp%2Fv2%2Fmedia&parent=124974"}],"wp:term":[{"taxonomy":"product_brand","embeddable":true,"href":"https:\/\/lookruncompany.com\/index.php?rest_route=%2Fwp%2Fv2%2Fproduct_brand&post=124974"},{"taxonomy":"product_cat","embeddable":true,"href":"https:\/\/lookruncompany.com\/index.php?rest_route=%2Fwp%2Fv2%2Fproduct_cat&post=124974"},{"taxonomy":"product_tag","embeddable":true,"href":"https:\/\/lookruncompany.com\/index.php?rest_route=%2Fwp%2Fv2%2Fproduct_tag&post=124974"}],"curies":[{"name":"wp","href":"https:\/\/api.w.org\/{rel}","templated":true}]}}