{"id":124972,"date":"2026-04-24T08:08:45","date_gmt":"2026-04-24T08:08:45","guid":{"rendered":"https:\/\/lookruncompany.com\/?product=malco-automotive-ammonia-free-glass-cleaner-aerosol"},"modified":"2026-04-24T08:08:45","modified_gmt":"2026-04-24T08:08:45","slug":"malco-automotive-ammonia-free-glass-cleaner-aerosol","status":"publish","type":"product","link":"https:\/\/lookruncompany.com\/?product=malco-automotive-ammonia-free-glass-cleaner-aerosol","title":{"rendered":"Malco Automotive Ammonia Free Glass Cleaner Aerosol"},"content":{"rendered":"<p>Malco Automotive es una marca especializada en productos profesionales para limpieza y detailing.<\/p>\n<p>En nuestra tienda trabajamos como distribuidores de Malco Automotive, ofreciendo soluciones tanto para uso profesional como para aficionados al cuidado del veh\u00edculo.<\/p>\n<p>Este producto pertenece a la categor\u00eda: Exterior > Limpiadores y desengrasantes > Limpia cristales.<\/p>\n<p>Este limpiador de vidrios sin amon\u00edaco elimina la suciedad y las pel\u00edculas dif\u00edciles para dejar el vidrio, el cromo y los azulejos limpios y sin rayas. Use este limpiador de vidrios de alta resistencia para ventanas, espejos y parabrisas interiores y exteriores. Caracter\u00edsticas y beneficios La f\u00f3rmula sin amon\u00edaco es segura para las ventanas tintadas del mercado de accesorios Deja las ventanas y los vidrios limpios, brillantes y sin residuos Cumple con las normas sobre COV y es apto para talleres de carrocer\u00eda SDS, TDS, y Documentaci\u00f3n de ingredientes C\u00f3mo se aplica Para ver la SDS, la TDS y los ingredientes asociados de este producto, puede buscarlos AQU\u00cd . Ag\u00edtelo bien antes de cada uso. Retire la tapa protectora y oriente la abertura de la v\u00e1lvula hacia la ventana o la superficie que se va a rociar. Mantenga el producto a una distancia de entre 20 y 30 cm y presione el bot\u00f3n para rociar una fina niebla. Limpie con un pa\u00f1o. Para obtener mejores resultados, pula con un pa\u00f1o de algod\u00f3n que no deje pelusa. No debe usarse en televisores de pantalla plana que no sean de vidrio.<\/p>\n<p>Referencia: 113820<\/p>\n","protected":false},"excerpt":{"rendered":"<p>Este limpiador de vidrios sin amon\u00edaco elimina la suciedad y las pel\u00edculas dif\u00edciles para dejar el vidrio, el cromo y los azulejos limpios y sin rayas. Use este limpiador de vidrios de alta resistencia para ventanas, espejos y parabrisas interiores y exteriores&#8230;.<\/p>\n","protected":false},"featured_media":124882,"comment_status":"open","ping_status":"closed","template":"","meta":{"_acf_changed":false},"product_brand":[],"product_cat":[689147,689170,689152,689158,689156,689166,689176,689154,689160,689151,689142,689164,689141,689150,689167,689159,689179,689172,689161,689162,689144,689163,689168,689149,689153,689145,689148,689165,689155],"product_tag":[],"class_list":{"0":"post-124972","1":"product","2":"type-product","3":"status-publish","4":"has-post-thumbnail","6":"product_cat-aerosol-sprays","7":"product_cat-aerosoles-sprays","8":"product_cat-alfombras-y-tapicerias","9":"product_cat-almohadillas-para-pulir","10":"product_cat-cepillos","11":"product_cat-cepillos-de-lavado-recomendado","12":"product_cat-compuestos","13":"product_cat-cuero-y-superficie","14":"product_cat-detergentes-y-limpiadores","15":"product_cat-eliminacion-de-olores","16":"product_cat-epic-sistemas-completos","17":"product_cat-herramientas-y-accesorios","18":"product_cat-kits","19":"product_cat-kits-malco-automotive","20":"product_cat-kits-buscado","21":"product_cat-kits-de-detallado","22":"product_cat-lavar","23":"product_cat-limpia-cristales","24":"product_cat-limpiadores-y-lociones-de-mano","25":"product_cat-pinturas-y-tintes-new","26":"product_cat-preparacion-de-superficie","27":"product_cat-productos-de-tienda","28":"product_cat-proteccion-de-pintura","29":"product_cat-restauracion-de-faros","30":"product_cat-revestimientos-interiores","31":"product_cat-revestimientos-para-exterior","32":"product_cat-toallas","33":"product_cat-toallas-suministros","34":"product_cat-toallitas","36":"first","37":"instock","38":"taxable","39":"shipping-taxable","40":"product-type-simple"},"acf":[],"_links":{"self":[{"href":"https:\/\/lookruncompany.com\/index.php?rest_route=\/wp\/v2\/product\/124972","targetHints":{"allow":["GET"]}}],"collection":[{"href":"https:\/\/lookruncompany.com\/index.php?rest_route=\/wp\/v2\/product"}],"about":[{"href":"https:\/\/lookruncompany.com\/index.php?rest_route=\/wp\/v2\/types\/product"}],"replies":[{"embeddable":true,"href":"https:\/\/lookruncompany.com\/index.php?rest_route=%2Fwp%2Fv2%2Fcomments&post=124972"}],"version-history":[{"count":0,"href":"https:\/\/lookruncompany.com\/index.php?rest_route=\/wp\/v2\/product\/124972\/revisions"}],"wp:featuredmedia":[{"embeddable":true,"href":"https:\/\/lookruncompany.com\/index.php?rest_route=\/wp\/v2\/media\/124882"}],"wp:attachment":[{"href":"https:\/\/lookruncompany.com\/index.php?rest_route=%2Fwp%2Fv2%2Fmedia&parent=124972"}],"wp:term":[{"taxonomy":"product_brand","embeddable":true,"href":"https:\/\/lookruncompany.com\/index.php?rest_route=%2Fwp%2Fv2%2Fproduct_brand&post=124972"},{"taxonomy":"product_cat","embeddable":true,"href":"https:\/\/lookruncompany.com\/index.php?rest_route=%2Fwp%2Fv2%2Fproduct_cat&post=124972"},{"taxonomy":"product_tag","embeddable":true,"href":"https:\/\/lookruncompany.com\/index.php?rest_route=%2Fwp%2Fv2%2Fproduct_tag&post=124972"}],"curies":[{"name":"wp","href":"https:\/\/api.w.org\/{rel}","templated":true}]}}