{"id":124949,"date":"2026-04-24T08:08:24","date_gmt":"2026-04-24T08:08:24","guid":{"rendered":"https:\/\/lookruncompany.com\/?product=malco-automotive-epic-heavy-duty-compound"},"modified":"2026-04-24T08:08:24","modified_gmt":"2026-04-24T08:08:24","slug":"malco-automotive-epic-heavy-duty-compound","status":"publish","type":"product","link":"https:\/\/lookruncompany.com\/?product=malco-automotive-epic-heavy-duty-compound","title":{"rendered":"Malco Automotive EPIC\u2122 Heavy Duty Compound"},"content":{"rendered":"<p>Malco Automotive es una marca especializada en productos profesionales para limpieza y detailing.<\/p>\n<p>En nuestra tienda trabajamos como distribuidores de Malco Automotive, ofreciendo soluciones tanto para uso profesional como para aficionados al cuidado del veh\u00edculo.<\/p>\n<p>Este producto pertenece a la categor\u00eda: Exterior > Correcci\u00f3n de pintura > Compuestos.<\/p>\n<p>EPIC\u00ae Heavy Duty Compound es un compuesto para pulir que elimina hasta 1500 rayones de lijado y pule hasta obtener un hermoso acabado brillante en un solo paso con una pulidora orbital. EPIC Heavy Duty Compound elimina defectos graves de la superficie en \u00e1reas expuestas a una fuerte contaminaci\u00f3n de la carretera, como la parte delantera de los veh\u00edculos. Este compuesto para pulir no contiene ceras, rellenos ni siliconas, por lo que es 100 % seguro para los talleres de carrocer\u00eda. Adem\u00e1s, su f\u00f3rmula a base de agua y sin polvo reduce significativamente el tiempo de limpieza. Obtenga ese acabado especial en poco tiempo con el sistema completo de correcci\u00f3n de pintura EPIC\u00ae. Caracter\u00edsticas y beneficios Elimina rayones fuertes y pule en un solo paso F\u00f3rmula a base de agua sin rellenos Producto que genera poco polvo para una limpieza m\u00e1s f\u00e1cil Cumple con las normas de COV y es apto para talleres de carrocer\u00eda SDS, TDS, y Documentaci\u00f3n de ingredientes Para ver la SDS, la TDS y los ingredientes asociados de este producto, puede buscarlos AQU\u00cd .<\/p>\n<p>Referencia: 109032<\/p>\n","protected":false},"excerpt":{"rendered":"<p>EPIC\u00ae Heavy Duty Compound es un compuesto para pulir que elimina hasta 1500 rayones de lijado y pule hasta obtener un hermoso acabado brillante en un solo paso con una pulidora orbital. EPIC Heavy Duty Compound elimina defectos graves de la superficie en \u00e1reas expuestas a una&#8230;<\/p>\n","protected":false},"featured_media":124898,"comment_status":"open","ping_status":"closed","template":"","meta":{"_acf_changed":false},"product_brand":[],"product_cat":[689147,689170,689152,689158,689156,689166,689176,689154,689160,689151,689142,689164,689141,689150,689167,689159,689174,689175,689161,689162,689144,689163,689168,689149,689153,689145,689148,689165,689155],"product_tag":[],"class_list":{"0":"post-124949","1":"product","2":"type-product","3":"status-publish","4":"has-post-thumbnail","6":"product_cat-aerosol-sprays","7":"product_cat-aerosoles-sprays","8":"product_cat-alfombras-y-tapicerias","9":"product_cat-almohadillas-para-pulir","10":"product_cat-cepillos","11":"product_cat-cepillos-de-lavado-recomendado","12":"product_cat-compuestos","13":"product_cat-cuero-y-superficie","14":"product_cat-detergentes-y-limpiadores","15":"product_cat-eliminacion-de-olores","16":"product_cat-epic-sistemas-completos","17":"product_cat-herramientas-y-accesorios","18":"product_cat-kits","19":"product_cat-kits-malco-automotive","20":"product_cat-kits-buscado","21":"product_cat-kits-de-detallado","22":"product_cat-lavado-y-encerado","23":"product_cat-limpia-llantas","24":"product_cat-limpiadores-y-lociones-de-mano","25":"product_cat-pinturas-y-tintes-new","26":"product_cat-preparacion-de-superficie","27":"product_cat-productos-de-tienda","28":"product_cat-proteccion-de-pintura","29":"product_cat-restauracion-de-faros","30":"product_cat-revestimientos-interiores","31":"product_cat-revestimientos-para-exterior","32":"product_cat-toallas","33":"product_cat-toallas-suministros","34":"product_cat-toallitas","36":"first","37":"instock","38":"taxable","39":"shipping-taxable","40":"product-type-simple"},"acf":[],"_links":{"self":[{"href":"https:\/\/lookruncompany.com\/index.php?rest_route=\/wp\/v2\/product\/124949","targetHints":{"allow":["GET"]}}],"collection":[{"href":"https:\/\/lookruncompany.com\/index.php?rest_route=\/wp\/v2\/product"}],"about":[{"href":"https:\/\/lookruncompany.com\/index.php?rest_route=\/wp\/v2\/types\/product"}],"replies":[{"embeddable":true,"href":"https:\/\/lookruncompany.com\/index.php?rest_route=%2Fwp%2Fv2%2Fcomments&post=124949"}],"version-history":[{"count":0,"href":"https:\/\/lookruncompany.com\/index.php?rest_route=\/wp\/v2\/product\/124949\/revisions"}],"wp:featuredmedia":[{"embeddable":true,"href":"https:\/\/lookruncompany.com\/index.php?rest_route=\/wp\/v2\/media\/124898"}],"wp:attachment":[{"href":"https:\/\/lookruncompany.com\/index.php?rest_route=%2Fwp%2Fv2%2Fmedia&parent=124949"}],"wp:term":[{"taxonomy":"product_brand","embeddable":true,"href":"https:\/\/lookruncompany.com\/index.php?rest_route=%2Fwp%2Fv2%2Fproduct_brand&post=124949"},{"taxonomy":"product_cat","embeddable":true,"href":"https:\/\/lookruncompany.com\/index.php?rest_route=%2Fwp%2Fv2%2Fproduct_cat&post=124949"},{"taxonomy":"product_tag","embeddable":true,"href":"https:\/\/lookruncompany.com\/index.php?rest_route=%2Fwp%2Fv2%2Fproduct_tag&post=124949"}],"curies":[{"name":"wp","href":"https:\/\/api.w.org\/{rel}","templated":true}]}}