{"id":124946,"date":"2026-04-24T08:08:17","date_gmt":"2026-04-24T08:08:17","guid":{"rendered":"https:\/\/lookruncompany.com\/?product=malco-automotive-epic-finishing-polish"},"modified":"2026-04-24T08:08:17","modified_gmt":"2026-04-24T08:08:17","slug":"malco-automotive-epic-finishing-polish","status":"publish","type":"product","link":"https:\/\/lookruncompany.com\/?product=malco-automotive-epic-finishing-polish","title":{"rendered":"Malco Automotive EPIC\u2122 Finishing Polish"},"content":{"rendered":"<p>Malco Automotive es una marca especializada en productos profesionales para limpieza y detailing.<\/p>\n<p>En nuestra tienda trabajamos como distribuidores de Malco Automotive, ofreciendo soluciones tanto para uso profesional como para aficionados al cuidado del veh\u00edculo.<\/p>\n<p>Este producto pertenece a la categor\u00eda: Exterior > Correcci\u00f3n de pintura > Compuestos.<\/p>\n<p>El pulimento de acabado EPIC\u00ae es un compuesto de pulido que se utiliza con una pulidora orbital para una correcci\u00f3n ligera o un brillo final de exhibici\u00f3n despu\u00e9s del compuesto de alta resistencia EPIC\u00ae o el compuesto de alta resistencia EPIC\u00ae. Consiga ese acabado especial en poco tiempo con el sistema completo de correcci\u00f3n de pintura EPIC\u00ae. Caracter\u00edsticas y beneficios Capaz de corregir la mayor\u00eda de los defectos menores Producto que genera poco polvo para una limpieza m\u00e1s f\u00e1cil Acaba en un solo paso y produce un acabado extraordinario Cumple con las normas de COV y es apto para talleres de carrocer\u00eda SDS, TDS, y Documentaci\u00f3n de ingredientes Para ver la SDS, la TDS y los ingredientes asociados de este producto, puede buscarlos AQU\u00cd .<\/p>\n<p>Referencia: 109216<\/p>\n","protected":false},"excerpt":{"rendered":"<p>El pulimento de acabado EPIC\u00ae es un compuesto de pulido que se utiliza con una pulidora orbital para una correcci\u00f3n ligera o un brillo final de exhibici\u00f3n despu\u00e9s del compuesto de alta resistencia EPIC\u00ae o el compuesto de alta resistencia EPIC\u00ae. Consiga ese acabado especial en&#8230;<\/p>\n","protected":false},"featured_media":124902,"comment_status":"open","ping_status":"closed","template":"","meta":{"_acf_changed":false},"product_brand":[],"product_cat":[689147,689170,689152,689158,689156,689166,689176,689154,689160,689151,689142,689164,689141,689150,689167,689159,689179,689172,689175,689161,689162,689144,689163,689168,689149,689153,689145,689148,689165,689155],"product_tag":[],"class_list":{"0":"post-124946","1":"product","2":"type-product","3":"status-publish","4":"has-post-thumbnail","6":"product_cat-aerosol-sprays","7":"product_cat-aerosoles-sprays","8":"product_cat-alfombras-y-tapicerias","9":"product_cat-almohadillas-para-pulir","10":"product_cat-cepillos","11":"product_cat-cepillos-de-lavado-recomendado","12":"product_cat-compuestos","13":"product_cat-cuero-y-superficie","14":"product_cat-detergentes-y-limpiadores","15":"product_cat-eliminacion-de-olores","16":"product_cat-epic-sistemas-completos","17":"product_cat-herramientas-y-accesorios","18":"product_cat-kits","19":"product_cat-kits-malco-automotive","20":"product_cat-kits-buscado","21":"product_cat-kits-de-detallado","22":"product_cat-lavar","23":"product_cat-limpia-cristales","24":"product_cat-limpia-llantas","25":"product_cat-limpiadores-y-lociones-de-mano","26":"product_cat-pinturas-y-tintes-new","27":"product_cat-preparacion-de-superficie","28":"product_cat-productos-de-tienda","29":"product_cat-proteccion-de-pintura","30":"product_cat-restauracion-de-faros","31":"product_cat-revestimientos-interiores","32":"product_cat-revestimientos-para-exterior","33":"product_cat-toallas","34":"product_cat-toallas-suministros","35":"product_cat-toallitas","37":"first","38":"instock","39":"taxable","40":"shipping-taxable","41":"product-type-simple"},"acf":[],"_links":{"self":[{"href":"https:\/\/lookruncompany.com\/index.php?rest_route=\/wp\/v2\/product\/124946","targetHints":{"allow":["GET"]}}],"collection":[{"href":"https:\/\/lookruncompany.com\/index.php?rest_route=\/wp\/v2\/product"}],"about":[{"href":"https:\/\/lookruncompany.com\/index.php?rest_route=\/wp\/v2\/types\/product"}],"replies":[{"embeddable":true,"href":"https:\/\/lookruncompany.com\/index.php?rest_route=%2Fwp%2Fv2%2Fcomments&post=124946"}],"version-history":[{"count":0,"href":"https:\/\/lookruncompany.com\/index.php?rest_route=\/wp\/v2\/product\/124946\/revisions"}],"wp:featuredmedia":[{"embeddable":true,"href":"https:\/\/lookruncompany.com\/index.php?rest_route=\/wp\/v2\/media\/124902"}],"wp:attachment":[{"href":"https:\/\/lookruncompany.com\/index.php?rest_route=%2Fwp%2Fv2%2Fmedia&parent=124946"}],"wp:term":[{"taxonomy":"product_brand","embeddable":true,"href":"https:\/\/lookruncompany.com\/index.php?rest_route=%2Fwp%2Fv2%2Fproduct_brand&post=124946"},{"taxonomy":"product_cat","embeddable":true,"href":"https:\/\/lookruncompany.com\/index.php?rest_route=%2Fwp%2Fv2%2Fproduct_cat&post=124946"},{"taxonomy":"product_tag","embeddable":true,"href":"https:\/\/lookruncompany.com\/index.php?rest_route=%2Fwp%2Fv2%2Fproduct_tag&post=124946"}],"curies":[{"name":"wp","href":"https:\/\/api.w.org\/{rel}","templated":true}]}}