{"id":124939,"date":"2026-04-24T08:08:15","date_gmt":"2026-04-24T08:08:15","guid":{"rendered":"https:\/\/lookruncompany.com\/?product=malco-automotive-accelerate-all-in-one-polish-protection"},"modified":"2026-04-24T08:08:15","modified_gmt":"2026-04-24T08:08:15","slug":"malco-automotive-accelerate-all-in-one-polish-protection","status":"publish","type":"product","link":"https:\/\/lookruncompany.com\/?product=malco-automotive-accelerate-all-in-one-polish-protection","title":{"rendered":"Malco Automotive Accelerate All in One Polish &#038; Protection"},"content":{"rendered":"<p>Malco Automotive es una marca especializada en productos profesionales para limpieza y detailing.<\/p>\n<p>En nuestra tienda trabajamos como distribuidores de Malco Automotive, ofreciendo soluciones tanto para uso profesional como para aficionados al cuidado del veh\u00edculo.<\/p>\n<p>Este producto pertenece a la categor\u00eda: Exterior > Correcci\u00f3n de pintura > Abrillantadores y eliminadores de swirls.<\/p>\n<p>Accelerate All-In-One Polish and Protection es un compuesto de pulido de un solo paso, dise\u00f1ado para eliminar defectos de pintura de leves a medianos y dejar una capa protectora. Este compuesto de pulido elimina de manera r\u00e1pida y sencilla remolinos, imperfecciones y rayones leves, produciendo un acabado profundo y brillante. Formulado para un per\u00edodo de trabajo prolongado y una aplicaci\u00f3n sin polvo, Accelerate se puede aplicar con un orbital, un rotatorio o a mano y es compatible con una variedad de almohadillas de espuma y aplicadores de microfibra. La f\u00e1cil eliminaci\u00f3n de este compuesto de pulido permite la aplicaci\u00f3n en todo el veh\u00edculo antes de limpiarlo. Caracter\u00edsticas y beneficios Elimina r\u00e1pidamente remolinos, imperfecciones y rayones leves Aplicaci\u00f3n en aerosol sin polvo F\u00f3rmula a base de agua que permite una limpieza f\u00e1cil Se puede aplicar con pulidora orbital, pulidora rotatoria o con la mano Ventana de trabajo amplia para facilitar su uso por parte de principiantes o expertos SDS, TDS, y Documentaci\u00f3n de ingredientes C\u00f3mo se aplica Para ver la SDS, la TDS y los ingredientes asociados de este producto, puede buscarlos AQU\u00cd . Malco Accelerate All in One Polish &#038; Protection es un compuesto de pulido de un solo paso dise\u00f1ado para eliminar defectos de pintura de leves a medianos y dejar una superficie encerada lisa con protecci\u00f3n duradera de hasta 90 d\u00edas. Este pulimento todo en uno eliminar\u00e1 de manera r\u00e1pida y sencilla remolinos, imperfecciones y rayones leves y dejar\u00e1 un acabado brillante y profundo. Malco Accelerate ofrece un amplio margen de trabajo y una aplicaci\u00f3n sin polvo. Se puede aplicar con una pulidora orbital o rotatoria, o a mano con varias almohadillas de espuma o aplicadores de microfibra. Malco Accelerate se quita f\u00e1cilmente, lo que permite una aplicaci\u00f3n completa en el veh\u00edculo antes de limpiarlo. Antes de comenzar, generalmente sugerimos trabajar en interiores o en un \u00e1rea sombreada fuera de la luz solar directa cuando se aplican ceras y pulimentos. Sin embargo, una ventaja de Accelerate es que se puede aplicar al aire libre y bajo la luz solar directa. C\u00f3mo usar: Limpie y descontaminar la superficie pintada con un limpiador de autos Malco CW-37 o similar y un guante de limpieza de arcilla Kozak antes de usar. Para superficies extremadamente da\u00f1adas, puede ser necesario un compuesto de alta resistencia como Tru-Grit\u00ae o EPIC\u00ae para la correcci\u00f3n inicial AGITE BIEN EL ACELERATOR Aplique 4 gotas medianas de pulimento en la almohadilla y trabaje en un patr\u00f3n de trama cruzada hasta que el compuesto pase de opaco a transparente en una secci\u00f3n de 2&#8242; x 2&#8242;. Deje que se seque hasta formar una neblina antes de pulir con una microfibra. Recuerde que Accelerate All in One Polish and Protection se recomienda para remolinos, imperfecciones y rayones leves. Si se requiere una correcci\u00f3n media o intensa, comience con un compuesto m\u00e1s agresivo como EPIC o Tru-Grit Heavy-Duty Compound y use Accelerate para terminar y proteger. La aplicaci\u00f3n se realiza mejor en interiores o a la sombra, pero se puede realizar en climas c\u00e1lidos y con luz solar directa. Accelerate es compatible con pr\u00e1cticamente cualquier pintura para autom\u00f3viles, pero recomendamos probar la velocidad de la almohadilla y la m\u00e1quina para marcar la correcci\u00f3n preferida. Aseg\u00farese de agitar bien la botella, ya que la f\u00f3rmula se separar\u00e1.<\/p>\n<p>Referencia: 261032<\/p>\n","protected":false},"excerpt":{"rendered":"<p>Accelerate All-In-One Polish and Protection es un compuesto de pulido de un solo paso, dise\u00f1ado para eliminar defectos de pintura de leves a medianos y dejar una capa protectora. Este compuesto de pulido elimina de manera r\u00e1pida y sencilla remolinos, imperfecciones y rayones&#8230;<\/p>\n","protected":false},"featured_media":124908,"comment_status":"open","ping_status":"closed","template":"","meta":{"_acf_changed":false},"product_brand":[],"product_cat":[689180,689147,689170,689152,689158,689156,689166,689154,689160,689151,689142,689164,689141,689150,689167,689159,689179,689172,689175,689161,689162,689144,689163,689168,689149,689153,689145,689148,689165,689155],"product_tag":[],"class_list":{"0":"post-124939","1":"product","2":"type-product","3":"status-publish","4":"has-post-thumbnail","6":"product_cat-abrillantadores-y-eliminadores-de-swirls","7":"product_cat-aerosol-sprays","8":"product_cat-aerosoles-sprays","9":"product_cat-alfombras-y-tapicerias","10":"product_cat-almohadillas-para-pulir","11":"product_cat-cepillos","12":"product_cat-cepillos-de-lavado-recomendado","13":"product_cat-cuero-y-superficie","14":"product_cat-detergentes-y-limpiadores","15":"product_cat-eliminacion-de-olores","16":"product_cat-epic-sistemas-completos","17":"product_cat-herramientas-y-accesorios","18":"product_cat-kits","19":"product_cat-kits-malco-automotive","20":"product_cat-kits-buscado","21":"product_cat-kits-de-detallado","22":"product_cat-lavar","23":"product_cat-limpia-cristales","24":"product_cat-limpia-llantas","25":"product_cat-limpiadores-y-lociones-de-mano","26":"product_cat-pinturas-y-tintes-new","27":"product_cat-preparacion-de-superficie","28":"product_cat-productos-de-tienda","29":"product_cat-proteccion-de-pintura","30":"product_cat-restauracion-de-faros","31":"product_cat-revestimientos-interiores","32":"product_cat-revestimientos-para-exterior","33":"product_cat-toallas","34":"product_cat-toallas-suministros","35":"product_cat-toallitas","37":"first","38":"instock","39":"taxable","40":"shipping-taxable","41":"product-type-simple"},"acf":[],"_links":{"self":[{"href":"https:\/\/lookruncompany.com\/index.php?rest_route=\/wp\/v2\/product\/124939","targetHints":{"allow":["GET"]}}],"collection":[{"href":"https:\/\/lookruncompany.com\/index.php?rest_route=\/wp\/v2\/product"}],"about":[{"href":"https:\/\/lookruncompany.com\/index.php?rest_route=\/wp\/v2\/types\/product"}],"replies":[{"embeddable":true,"href":"https:\/\/lookruncompany.com\/index.php?rest_route=%2Fwp%2Fv2%2Fcomments&post=124939"}],"version-history":[{"count":0,"href":"https:\/\/lookruncompany.com\/index.php?rest_route=\/wp\/v2\/product\/124939\/revisions"}],"wp:featuredmedia":[{"embeddable":true,"href":"https:\/\/lookruncompany.com\/index.php?rest_route=\/wp\/v2\/media\/124908"}],"wp:attachment":[{"href":"https:\/\/lookruncompany.com\/index.php?rest_route=%2Fwp%2Fv2%2Fmedia&parent=124939"}],"wp:term":[{"taxonomy":"product_brand","embeddable":true,"href":"https:\/\/lookruncompany.com\/index.php?rest_route=%2Fwp%2Fv2%2Fproduct_brand&post=124939"},{"taxonomy":"product_cat","embeddable":true,"href":"https:\/\/lookruncompany.com\/index.php?rest_route=%2Fwp%2Fv2%2Fproduct_cat&post=124939"},{"taxonomy":"product_tag","embeddable":true,"href":"https:\/\/lookruncompany.com\/index.php?rest_route=%2Fwp%2Fv2%2Fproduct_tag&post=124939"}],"curies":[{"name":"wp","href":"https:\/\/api.w.org\/{rel}","templated":true}]}}