{"id":124936,"date":"2026-04-24T08:08:13","date_gmt":"2026-04-24T08:08:13","guid":{"rendered":"https:\/\/lookruncompany.com\/?product=malco-automotive-metal-polish"},"modified":"2026-04-24T08:08:13","modified_gmt":"2026-04-24T08:08:13","slug":"malco-automotive-metal-polish","status":"publish","type":"product","link":"https:\/\/lookruncompany.com\/?product=malco-automotive-metal-polish","title":{"rendered":"Malco Automotive Metal Polish"},"content":{"rendered":"<p>Malco Automotive es una marca especializada en productos profesionales para limpieza y detailing.<\/p>\n<p>En nuestra tienda trabajamos como distribuidores de Malco Automotive, ofreciendo soluciones tanto para uso profesional como para aficionados al cuidado del veh\u00edculo.<\/p>\n<p>Este producto pertenece a la categor\u00eda: Exterior > Correcci\u00f3n de pintura > Abrillantadores y eliminadores de swirls.<\/p>\n<p>Malco\u00ae Metal Polish utiliza microabrasivos para eliminar la oxidaci\u00f3n de la superficie y las manchas de aceite incluso de los metales m\u00e1s blandos. Este compuesto para pulir metales es seguro para su uso en cromo, aluminio, acero inoxidable, lat\u00f3n, cobre y otros metales, y retarda la p\u00e9rdida de brillo e inhibe la corrosi\u00f3n, manteniendo las piezas de metal deslumbrantes. Ideal para el taller y el hogar, los microabrasivos de esta f\u00f3rmula de compuesto para pulir no rayan ni da\u00f1an ni siquiera los metales m\u00e1s blandos. Caracter\u00edsticas y beneficios Limpia y pule en un solo paso sin da\u00f1ar ni siquiera los metales m\u00e1s blandos Inhibe la corrosi\u00f3n Perfecto para trabajos en metal en el hogar, autom\u00f3viles, embarcaciones, motocicletas y veh\u00edculos recreativos SDS, TDS, y Documentaci\u00f3n de ingredientes Para ver la SDS, la TDS y los ingredientes asociados de este producto, puede buscarlos AQU\u00cd .<\/p>\n<p>Referencia: 123016<\/p>\n","protected":false},"excerpt":{"rendered":"<p>Malco\u00ae Metal Polish utiliza microabrasivos para eliminar la oxidaci\u00f3n de la superficie y las manchas de aceite incluso de los metales m\u00e1s blandos. Este compuesto para pulir metales es seguro para su uso en cromo, aluminio, acero inoxidable, lat\u00f3n, cobre y otros metales, y&#8230;<\/p>\n","protected":false},"featured_media":124910,"comment_status":"open","ping_status":"closed","template":"","meta":{"_acf_changed":false},"product_brand":[],"product_cat":[689180,689147,689170,689152,689158,689156,689166,689154,689160,689151,689142,689164,689141,689150,689167,689159,689174,689179,689172,689175,689161,689162,689144,689163,689168,689149,689153,689145,689148,689165,689155],"product_tag":[],"class_list":{"0":"post-124936","1":"product","2":"type-product","3":"status-publish","4":"has-post-thumbnail","6":"product_cat-abrillantadores-y-eliminadores-de-swirls","7":"product_cat-aerosol-sprays","8":"product_cat-aerosoles-sprays","9":"product_cat-alfombras-y-tapicerias","10":"product_cat-almohadillas-para-pulir","11":"product_cat-cepillos","12":"product_cat-cepillos-de-lavado-recomendado","13":"product_cat-cuero-y-superficie","14":"product_cat-detergentes-y-limpiadores","15":"product_cat-eliminacion-de-olores","16":"product_cat-epic-sistemas-completos","17":"product_cat-herramientas-y-accesorios","18":"product_cat-kits","19":"product_cat-kits-malco-automotive","20":"product_cat-kits-buscado","21":"product_cat-kits-de-detallado","22":"product_cat-lavado-y-encerado","23":"product_cat-lavar","24":"product_cat-limpia-cristales","25":"product_cat-limpia-llantas","26":"product_cat-limpiadores-y-lociones-de-mano","27":"product_cat-pinturas-y-tintes-new","28":"product_cat-preparacion-de-superficie","29":"product_cat-productos-de-tienda","30":"product_cat-proteccion-de-pintura","31":"product_cat-restauracion-de-faros","32":"product_cat-revestimientos-interiores","33":"product_cat-revestimientos-para-exterior","34":"product_cat-toallas","35":"product_cat-toallas-suministros","36":"product_cat-toallitas","38":"first","39":"instock","40":"taxable","41":"shipping-taxable","42":"product-type-simple"},"acf":[],"_links":{"self":[{"href":"https:\/\/lookruncompany.com\/index.php?rest_route=\/wp\/v2\/product\/124936","targetHints":{"allow":["GET"]}}],"collection":[{"href":"https:\/\/lookruncompany.com\/index.php?rest_route=\/wp\/v2\/product"}],"about":[{"href":"https:\/\/lookruncompany.com\/index.php?rest_route=\/wp\/v2\/types\/product"}],"replies":[{"embeddable":true,"href":"https:\/\/lookruncompany.com\/index.php?rest_route=%2Fwp%2Fv2%2Fcomments&post=124936"}],"version-history":[{"count":0,"href":"https:\/\/lookruncompany.com\/index.php?rest_route=\/wp\/v2\/product\/124936\/revisions"}],"wp:featuredmedia":[{"embeddable":true,"href":"https:\/\/lookruncompany.com\/index.php?rest_route=\/wp\/v2\/media\/124910"}],"wp:attachment":[{"href":"https:\/\/lookruncompany.com\/index.php?rest_route=%2Fwp%2Fv2%2Fmedia&parent=124936"}],"wp:term":[{"taxonomy":"product_brand","embeddable":true,"href":"https:\/\/lookruncompany.com\/index.php?rest_route=%2Fwp%2Fv2%2Fproduct_brand&post=124936"},{"taxonomy":"product_cat","embeddable":true,"href":"https:\/\/lookruncompany.com\/index.php?rest_route=%2Fwp%2Fv2%2Fproduct_cat&post=124936"},{"taxonomy":"product_tag","embeddable":true,"href":"https:\/\/lookruncompany.com\/index.php?rest_route=%2Fwp%2Fv2%2Fproduct_tag&post=124936"}],"curies":[{"name":"wp","href":"https:\/\/api.w.org\/{rel}","templated":true}]}}