{"id":124934,"date":"2026-04-24T08:08:08","date_gmt":"2026-04-24T08:08:08","guid":{"rendered":"https:\/\/lookruncompany.com\/?product=malco-automotive-oxy-carpet-upholstery-cleaner"},"modified":"2026-04-24T08:08:08","modified_gmt":"2026-04-24T08:08:08","slug":"malco-automotive-oxy-carpet-upholstery-cleaner","status":"publish","type":"product","link":"https:\/\/lookruncompany.com\/?product=malco-automotive-oxy-carpet-upholstery-cleaner","title":{"rendered":"Malco Automotive Oxy Carpet &#038; Upholstery Cleaner"},"content":{"rendered":"<p>Malco Automotive es una marca especializada en productos profesionales para limpieza y detailing.<\/p>\n<p>En nuestra tienda trabajamos como distribuidores de Malco Automotive, ofreciendo soluciones tanto para uso profesional como para aficionados al cuidado del veh\u00edculo.<\/p>\n<p>Este producto pertenece a la categor\u00eda: Exterior > Kits.<\/p>\n<p>Oxy\u2122 Carpet &#038; Upholstery Cleaner es un limpiador de telas a base de per\u00f3xido en una f\u00f3rmula poderosa y lista para usar que elimina r\u00e1pidamente las suciedades relacionadas con tintes y taninos, lo que lo convierte en uno de los productos para el cuidado de autom\u00f3viles m\u00e1s resistentes de Malco. Caracter\u00edsticas y beneficios Elimina manchas a base de tintes y taninos, como caf\u00e9, jugo y vino F\u00e1cil de usar, dejar actuar durante 2-3 minutos Se seca r\u00e1pidamente y no deja residuos ni marcas de agua en la tela El producto para el cuidado del autom\u00f3vil Oxy de Malco elimina f\u00e1cilmente las peores manchas SDS, TDS, y Documentaci\u00f3n de ingredientes Para ver la SDS, la TDS y los ingredientes asociados de este producto, puede buscarlos AQU\u00cd .<\/p>\n<p>Referencia: 127801<\/p>\n","protected":false},"excerpt":{"rendered":"<p>Oxy\u2122 Carpet &#038; Upholstery Cleaner es un limpiador de telas a base de per\u00f3xido en una f\u00f3rmula poderosa y lista para usar que elimina r\u00e1pidamente las suciedades relacionadas con tintes y taninos, lo que lo convierte en uno de los productos para el cuidado de autom\u00f3viles m\u00e1s&#8230;<\/p>\n","protected":false},"featured_media":124933,"comment_status":"open","ping_status":"closed","template":"","meta":{"_acf_changed":false},"product_brand":[],"product_cat":[689147,689152,689158,689156,689166,689143,689154,689160,689151,689142,689164,689141,689150,689167,689159,689173,689171,689161,689162,689144,689163,689168,689149,689153,689145,689148,689165,689155],"product_tag":[],"class_list":{"0":"post-124934","1":"product","2":"type-product","3":"status-publish","4":"has-post-thumbnail","6":"product_cat-aerosol-sprays","7":"product_cat-alfombras-y-tapicerias","8":"product_cat-almohadillas-para-pulir","9":"product_cat-cepillos","10":"product_cat-cepillos-de-lavado-recomendado","11":"product_cat-correccion-de-pintura","12":"product_cat-cuero-y-superficie","13":"product_cat-detergentes-y-limpiadores","14":"product_cat-eliminacion-de-olores","15":"product_cat-epic-sistemas-completos","16":"product_cat-herramientas-y-accesorios","17":"product_cat-kits","18":"product_cat-kits-malco-automotive","19":"product_cat-kits-buscado","20":"product_cat-kits-de-detallado","21":"product_cat-lavado-para-coche","22":"product_cat-limpiadores-y-desengrasantes","23":"product_cat-limpiadores-y-lociones-de-mano","24":"product_cat-pinturas-y-tintes-new","25":"product_cat-preparacion-de-superficie","26":"product_cat-productos-de-tienda","27":"product_cat-proteccion-de-pintura","28":"product_cat-restauracion-de-faros","29":"product_cat-revestimientos-interiores","30":"product_cat-revestimientos-para-exterior","31":"product_cat-toallas","32":"product_cat-toallas-suministros","33":"product_cat-toallitas","35":"first","36":"instock","37":"taxable","38":"shipping-taxable","39":"product-type-simple"},"acf":[],"_links":{"self":[{"href":"https:\/\/lookruncompany.com\/index.php?rest_route=\/wp\/v2\/product\/124934","targetHints":{"allow":["GET"]}}],"collection":[{"href":"https:\/\/lookruncompany.com\/index.php?rest_route=\/wp\/v2\/product"}],"about":[{"href":"https:\/\/lookruncompany.com\/index.php?rest_route=\/wp\/v2\/types\/product"}],"replies":[{"embeddable":true,"href":"https:\/\/lookruncompany.com\/index.php?rest_route=%2Fwp%2Fv2%2Fcomments&post=124934"}],"version-history":[{"count":0,"href":"https:\/\/lookruncompany.com\/index.php?rest_route=\/wp\/v2\/product\/124934\/revisions"}],"wp:featuredmedia":[{"embeddable":true,"href":"https:\/\/lookruncompany.com\/index.php?rest_route=\/wp\/v2\/media\/124933"}],"wp:attachment":[{"href":"https:\/\/lookruncompany.com\/index.php?rest_route=%2Fwp%2Fv2%2Fmedia&parent=124934"}],"wp:term":[{"taxonomy":"product_brand","embeddable":true,"href":"https:\/\/lookruncompany.com\/index.php?rest_route=%2Fwp%2Fv2%2Fproduct_brand&post=124934"},{"taxonomy":"product_cat","embeddable":true,"href":"https:\/\/lookruncompany.com\/index.php?rest_route=%2Fwp%2Fv2%2Fproduct_cat&post=124934"},{"taxonomy":"product_tag","embeddable":true,"href":"https:\/\/lookruncompany.com\/index.php?rest_route=%2Fwp%2Fv2%2Fproduct_tag&post=124934"}],"curies":[{"name":"wp","href":"https:\/\/api.w.org\/{rel}","templated":true}]}}