{"id":124924,"date":"2026-04-24T08:07:46","date_gmt":"2026-04-24T08:07:46","guid":{"rendered":"https:\/\/lookruncompany.com\/?product=malco-automotive-showroom-shine"},"modified":"2026-04-24T08:07:46","modified_gmt":"2026-04-24T08:07:46","slug":"malco-automotive-showroom-shine","status":"publish","type":"product","link":"https:\/\/lookruncompany.com\/?product=malco-automotive-showroom-shine","title":{"rendered":"Malco Automotive Showroom Shine\u2122"},"content":{"rendered":"<p>Malco Automotive es una marca especializada en productos profesionales para limpieza y detailing.<\/p>\n<p>En nuestra tienda trabajamos como distribuidores de Malco Automotive, ofreciendo soluciones tanto para uso profesional como para aficionados al cuidado del veh\u00edculo.<\/p>\n<p>Este producto pertenece a la categor\u00eda: Exterior > Protecci\u00f3n de pintura > Ceras.<\/p>\n<p>ShowroomShine\u2122 Spray Wax es un potenciador de superficies de veh\u00edculos de primera calidad que elimina la suciedad y las huellas dactilares de cualquier superficie pintada no porosa, dejando un brillo atractivo. Utilice nuestra cera en aerosol para autos para eliminar r\u00e1pidamente el polvo, las manchas y las huellas dactilares de los acabados de los autom\u00f3viles. ShowroomShine\u2122 tambi\u00e9n funciona como lubricante para arcilla y alternativas a la arcilla y se puede pulir o abrillantar sobre la superficie del veh\u00edculo. Caracter\u00edsticas y beneficios La cera en aerosol para autom\u00f3viles elimina de manera r\u00e1pida y sencilla el polvo, las manchas y las huellas dactilares Se usa como lubricante para arcillas rociadas en exceso Se aplica con aerosol y se limpia dejando un acabado sin rayas Mejora el brillo y el reflejo, y prolonga el tiempo entre lavados SDS, TDS, y Documentaci\u00f3n de ingredientes C\u00f3mo se aplica Para ver la SDS, la TDS y los ingredientes asociados de este producto, puede buscarlos AQU\u00cd . Detallado r\u00e1pido vs. lavado Una buena gu\u00eda para comprobar si puedes salirte con la tuya con un limpiador r\u00e1pido o si deber\u00edas dar un paso atr\u00e1s y lavar el coche es encontrar una superficie cubierta de polvo o polen y soplar sobre ella. Si puedes ver que el polvo o el polen se mueven, puedes quitarlos con un limpiador r\u00e1pido. Sin embargo, si el polvo y la suciedad se han mojado con el roc\u00edo o la lluvia y se han adherido a la superficie, deber\u00edas considerar volver a lavar el coche. Una vez que la suciedad se haya adherido a la superficie, es probable que tengas que presionar mucho m\u00e1s fuerte para quitarla, lo que hace mucho m\u00e1s probable que vuelvas a a\u00f1adir microrayones a la superficie de tu veh\u00edculo. Recuerda, cuando uses el limpiador r\u00e1pido, debes deslizarlo por la superficie del veh\u00edculo con poca o ninguna presi\u00f3n aplicada a la toalla. T\u00e9cnica Dobla las toallas de microfibra limpias en cuatro partes: esta t\u00e9cnica te permite trabajar con ocho secciones limpias y ayuda a distribuir de manera uniforme la presi\u00f3n de tu mano mientras limpias la superficie del veh\u00edculo. Trabajando en secciones peque\u00f1as, roc\u00eda el \u00e1rea con Showroom Shine. Limpia suavemente la superficie con el producto en l\u00edneas rectas usando una secci\u00f3n limpia de la toalla de microfibra. Da vuelta y dobla la toalla de microfibra en una secci\u00f3n limpia de la toalla y limpia suavemente el producto de la superficie para eliminar el polvo, el polen y las huellas dactilares. Repite los pasos 2 y 3 hasta que se haya tratado toda la superficie del veh\u00edculo. Aseg\u00farate de cambiar a una toalla nueva cada vez que te quedes sin secciones limpias.<\/p>\n<p>Referencia: 110401<\/p>\n","protected":false},"excerpt":{"rendered":"<p>ShowroomShine\u2122 Spray Wax es un potenciador de superficies de veh\u00edculos de primera calidad que elimina la suciedad y las huellas dactilares de cualquier superficie pintada no porosa, dejando un brillo atractivo. Utilice nuestra cera en aerosol para autos para eliminar&#8230;<\/p>\n","protected":false},"featured_media":124919,"comment_status":"open","ping_status":"closed","template":"","meta":{"_acf_changed":false},"product_brand":[],"product_cat":[689147,689170,689152,689158,689156,689166,689169,689176,689154,689177,689160,689151,689142,689164,689150,689141,689167,689159,689173,689172,689175,689161,689162,689144,689163,689149,689153,689145,689165,689148,689155],"product_tag":[],"class_list":{"0":"post-124924","1":"product","2":"type-product","3":"status-publish","4":"has-post-thumbnail","6":"product_cat-aerosol-sprays","7":"product_cat-aerosoles-sprays","8":"product_cat-alfombras-y-tapicerias","9":"product_cat-almohadillas-para-pulir","10":"product_cat-cepillos","11":"product_cat-cepillos-de-lavado-recomendado","12":"product_cat-ceras","13":"product_cat-compuestos","14":"product_cat-cuero-y-superficie","15":"product_cat-desengrasamtes-y-limpiadores-generales","16":"product_cat-detergentes-y-limpiadores","17":"product_cat-eliminacion-de-olores","18":"product_cat-epic-sistemas-completos","19":"product_cat-herramientas-y-accesorios","20":"product_cat-kits-malco-automotive","21":"product_cat-kits","22":"product_cat-kits-buscado","23":"product_cat-kits-de-detallado","24":"product_cat-lavado-para-coche","25":"product_cat-limpia-cristales","26":"product_cat-limpia-llantas","27":"product_cat-limpiadores-y-lociones-de-mano","28":"product_cat-pinturas-y-tintes-new","29":"product_cat-preparacion-de-superficie","30":"product_cat-productos-de-tienda","31":"product_cat-restauracion-de-faros","32":"product_cat-revestimientos-interiores","33":"product_cat-revestimientos-para-exterior","34":"product_cat-toallas-suministros","35":"product_cat-toallas","36":"product_cat-toallitas","38":"first","39":"instock","40":"taxable","41":"shipping-taxable","42":"product-type-simple"},"acf":[],"_links":{"self":[{"href":"https:\/\/lookruncompany.com\/index.php?rest_route=\/wp\/v2\/product\/124924","targetHints":{"allow":["GET"]}}],"collection":[{"href":"https:\/\/lookruncompany.com\/index.php?rest_route=\/wp\/v2\/product"}],"about":[{"href":"https:\/\/lookruncompany.com\/index.php?rest_route=\/wp\/v2\/types\/product"}],"replies":[{"embeddable":true,"href":"https:\/\/lookruncompany.com\/index.php?rest_route=%2Fwp%2Fv2%2Fcomments&post=124924"}],"version-history":[{"count":0,"href":"https:\/\/lookruncompany.com\/index.php?rest_route=\/wp\/v2\/product\/124924\/revisions"}],"wp:featuredmedia":[{"embeddable":true,"href":"https:\/\/lookruncompany.com\/index.php?rest_route=\/wp\/v2\/media\/124919"}],"wp:attachment":[{"href":"https:\/\/lookruncompany.com\/index.php?rest_route=%2Fwp%2Fv2%2Fmedia&parent=124924"}],"wp:term":[{"taxonomy":"product_brand","embeddable":true,"href":"https:\/\/lookruncompany.com\/index.php?rest_route=%2Fwp%2Fv2%2Fproduct_brand&post=124924"},{"taxonomy":"product_cat","embeddable":true,"href":"https:\/\/lookruncompany.com\/index.php?rest_route=%2Fwp%2Fv2%2Fproduct_cat&post=124924"},{"taxonomy":"product_tag","embeddable":true,"href":"https:\/\/lookruncompany.com\/index.php?rest_route=%2Fwp%2Fv2%2Fproduct_tag&post=124924"}],"curies":[{"name":"wp","href":"https:\/\/api.w.org\/{rel}","templated":true}]}}