{"id":117304,"date":"2026-04-22T13:19:45","date_gmt":"2026-04-22T13:19:45","guid":{"rendered":"https:\/\/lookruncompany.com\/?product=mishimoto-adaptador-para-sensor-temperatura-agua-34-mm-negro"},"modified":"2026-04-22T13:19:45","modified_gmt":"2026-04-22T13:19:45","slug":"mishimoto-adaptador-para-sensor-temperatura-agua-34-mm-negro","status":"publish","type":"product","link":"https:\/\/lookruncompany.com\/?product=mishimoto-adaptador-para-sensor-temperatura-agua-34-mm-negro","title":{"rendered":"Mishimoto Adaptador para sensor temperatura agua, 34 mm, Negro"},"content":{"rendered":"<p>Mishimoto Adaptador para sensor temperatura agua, 34 mm, Negro es una referencia de Mishimoto disponible en nuestra tienda para quienes buscan mejorar la fiabilidad y el comportamiento del conjunto. Es una opci\u00f3n orientada tanto a sustituci\u00f3n mejorada como a proyectos de preparaci\u00f3n, siempre con el objetivo de ofrecer un producto fiable y bien resuelto.<\/p>\n<p>Entre sus puntos destacados se encuentran acabado en color negro, aspectos especialmente valorados cuando se busca durabilidad, buen encaje y un funcionamiento consistente.<\/p>\n<p>Referencia de aplicaci\u00f3n universal. Conviene comprobar medidas, conexiones y espacio disponible antes de la compra.<\/p>\n","protected":false},"excerpt":{"rendered":"<p>Componente de rendimiento Mishimoto para mejorar la fiabilidad y el comportamiento del conjunto. Referencia universal con enfoque en fiabilidad, resistencia t\u00e9rmica y buen acabado.<\/p>\n","protected":false},"featured_media":108684,"comment_status":"open","ping_status":"closed","template":"","meta":{"_acf_changed":false},"product_brand":[],"product_cat":[642176],"product_tag":[642177,376265,637157,376264],"class_list":{"0":"post-117304","1":"product","2":"type-product","3":"status-publish","4":"has-post-thumbnail","6":"product_cat-universales-accesorios-de-radiador","7":"product_tag-accesorios-de-radiador","8":"product_tag-mishimoto","9":"product_tag-refrigeracion","10":"product_tag-universal","12":"first","13":"instock","14":"taxable","15":"shipping-taxable","16":"purchasable","17":"product-type-simple"},"acf":[],"_links":{"self":[{"href":"https:\/\/lookruncompany.com\/index.php?rest_route=\/wp\/v2\/product\/117304","targetHints":{"allow":["GET"]}}],"collection":[{"href":"https:\/\/lookruncompany.com\/index.php?rest_route=\/wp\/v2\/product"}],"about":[{"href":"https:\/\/lookruncompany.com\/index.php?rest_route=\/wp\/v2\/types\/product"}],"replies":[{"embeddable":true,"href":"https:\/\/lookruncompany.com\/index.php?rest_route=%2Fwp%2Fv2%2Fcomments&post=117304"}],"version-history":[{"count":0,"href":"https:\/\/lookruncompany.com\/index.php?rest_route=\/wp\/v2\/product\/117304\/revisions"}],"wp:featuredmedia":[{"embeddable":true,"href":"https:\/\/lookruncompany.com\/index.php?rest_route=\/wp\/v2\/media\/108684"}],"wp:attachment":[{"href":"https:\/\/lookruncompany.com\/index.php?rest_route=%2Fwp%2Fv2%2Fmedia&parent=117304"}],"wp:term":[{"taxonomy":"product_brand","embeddable":true,"href":"https:\/\/lookruncompany.com\/index.php?rest_route=%2Fwp%2Fv2%2Fproduct_brand&post=117304"},{"taxonomy":"product_cat","embeddable":true,"href":"https:\/\/lookruncompany.com\/index.php?rest_route=%2Fwp%2Fv2%2Fproduct_cat&post=117304"},{"taxonomy":"product_tag","embeddable":true,"href":"https:\/\/lookruncompany.com\/index.php?rest_route=%2Fwp%2Fv2%2Fproduct_tag&post=117304"}],"curies":[{"name":"wp","href":"https:\/\/api.w.org\/{rel}","templated":true}]}}