{"id":117283,"date":"2026-04-22T13:19:33","date_gmt":"2026-04-22T13:19:33","guid":{"rendered":"https:\/\/lookruncompany.com\/?product=mishimoto-nissan-patrol-y61-termostato-racing-1997-2013"},"modified":"2026-04-22T13:19:33","modified_gmt":"2026-04-22T13:19:33","slug":"mishimoto-nissan-patrol-y61-termostato-racing-1997-2013","status":"publish","type":"product","link":"https:\/\/lookruncompany.com\/?product=mishimoto-nissan-patrol-y61-termostato-racing-1997-2013","title":{"rendered":"Mishimoto Nissan Patrol Y61 Termostato Racing, 1997-2013"},"content":{"rendered":"<p>Mishimoto Nissan Patrol Y61 Termostato Racing, 1997-2013 es una referencia de Mishimoto disponible en nuestra tienda para quienes buscan gestionar la temperatura de trabajo del sistema. Es una opci\u00f3n orientada tanto a sustituci\u00f3n mejorada como a proyectos de preparaci\u00f3n, siempre con el objetivo de ofrecer un producto fiable y bien resuelto.<\/p>\n<p>El termostato de carreras Mishimoto para el Nissan Patrol Y61 1997-2013 promover\u00e1 una mayor eficiencia de enfriamiento en todo el motor.<\/p>\n<p>Aplicaci\u00f3n orientada a los modelos indicados en el t\u00edtulo. Antes de comprar, conviene revisar compatibilidad exacta por modelo, motorizaci\u00f3n y a\u00f1o.<\/p>\n","protected":false},"excerpt":{"rendered":"<p>Termostato Mishimoto para aplicaciones espec\u00edficas, orientado a gestionar la temperatura de trabajo del sistema con ajuste pensado para los modelos indicados.<\/p>\n","protected":false},"featured_media":108642,"comment_status":"open","ping_status":"closed","template":"","meta":{"_acf_changed":false},"product_brand":[],"product_cat":[642459],"product_tag":[637153,376265,637157,642460],"class_list":{"0":"post-117283","1":"product","2":"type-product","3":"status-publish","4":"has-post-thumbnail","6":"product_cat-especificos-termostatos","7":"product_tag-especifico","8":"product_tag-mishimoto","9":"product_tag-refrigeracion","10":"product_tag-termostatos","12":"first","13":"instock","14":"taxable","15":"shipping-taxable","16":"purchasable","17":"product-type-simple"},"acf":[],"_links":{"self":[{"href":"https:\/\/lookruncompany.com\/index.php?rest_route=\/wp\/v2\/product\/117283","targetHints":{"allow":["GET"]}}],"collection":[{"href":"https:\/\/lookruncompany.com\/index.php?rest_route=\/wp\/v2\/product"}],"about":[{"href":"https:\/\/lookruncompany.com\/index.php?rest_route=\/wp\/v2\/types\/product"}],"replies":[{"embeddable":true,"href":"https:\/\/lookruncompany.com\/index.php?rest_route=%2Fwp%2Fv2%2Fcomments&post=117283"}],"version-history":[{"count":0,"href":"https:\/\/lookruncompany.com\/index.php?rest_route=\/wp\/v2\/product\/117283\/revisions"}],"wp:featuredmedia":[{"embeddable":true,"href":"https:\/\/lookruncompany.com\/index.php?rest_route=\/wp\/v2\/media\/108642"}],"wp:attachment":[{"href":"https:\/\/lookruncompany.com\/index.php?rest_route=%2Fwp%2Fv2%2Fmedia&parent=117283"}],"wp:term":[{"taxonomy":"product_brand","embeddable":true,"href":"https:\/\/lookruncompany.com\/index.php?rest_route=%2Fwp%2Fv2%2Fproduct_brand&post=117283"},{"taxonomy":"product_cat","embeddable":true,"href":"https:\/\/lookruncompany.com\/index.php?rest_route=%2Fwp%2Fv2%2Fproduct_cat&post=117283"},{"taxonomy":"product_tag","embeddable":true,"href":"https:\/\/lookruncompany.com\/index.php?rest_route=%2Fwp%2Fv2%2Fproduct_tag&post=117283"}],"curies":[{"name":"wp","href":"https:\/\/api.w.org\/{rel}","templated":true}]}}