{"id":117078,"date":"2026-04-22T13:18:13","date_gmt":"2026-04-22T13:18:13","guid":{"rendered":"https:\/\/lookruncompany.com\/?product=mishimoto-deposito-de-liquido-de-direccion-asistida-aluminio"},"modified":"2026-04-22T13:18:14","modified_gmt":"2026-04-22T13:18:14","slug":"mishimoto-deposito-de-liquido-de-direccion-asistida-aluminio","status":"publish","type":"product","link":"https:\/\/lookruncompany.com\/?product=mishimoto-deposito-de-liquido-de-direccion-asistida-aluminio","title":{"rendered":"Mishimoto Dep\u00f3sito de l\u00edquido de direcci\u00f3n asistida aluminio"},"content":{"rendered":"<p>Mishimoto Dep\u00f3sito de l\u00edquido de direcci\u00f3n asistida aluminio es una referencia de Mishimoto disponible en nuestra tienda para quienes buscan mejorar la gesti\u00f3n del circuito de refrigeraci\u00f3n. Es una opci\u00f3n orientada tanto a sustituci\u00f3n mejorada como a proyectos de preparaci\u00f3n, siempre con el objetivo de ofrecer un producto fiable y bien resuelto.<\/p>\n<p>Entre sus puntos destacados se encuentran fabricaci\u00f3n en aluminio, aspectos especialmente valorados cuando se busca durabilidad, buen encaje y un funcionamiento consistente.<\/p>\n<p>Referencia de aplicaci\u00f3n universal. Conviene comprobar medidas, conexiones y espacio disponible antes de la compra.<\/p>\n","protected":false},"excerpt":{"rendered":"<p>Dep\u00f3sito de expansi\u00f3n Mishimoto para mejorar la gesti\u00f3n del circuito de refrigeraci\u00f3n. Referencia universal con enfoque en fiabilidad, resistencia t\u00e9rmica y buen acabado.<\/p>\n","protected":false},"featured_media":108240,"comment_status":"open","ping_status":"closed","template":"","meta":{"_acf_changed":false},"product_brand":[],"product_cat":[642237],"product_tag":[642238,376265,637157,376264],"class_list":{"0":"post-117078","1":"product","2":"type-product","3":"status-publish","4":"has-post-thumbnail","6":"product_cat-universales-depositos-y-expansion","7":"product_tag-depositos-y-expansion","8":"product_tag-mishimoto","9":"product_tag-refrigeracion","10":"product_tag-universal","12":"first","13":"instock","14":"taxable","15":"shipping-taxable","16":"purchasable","17":"product-type-simple"},"acf":[],"_links":{"self":[{"href":"https:\/\/lookruncompany.com\/index.php?rest_route=\/wp\/v2\/product\/117078","targetHints":{"allow":["GET"]}}],"collection":[{"href":"https:\/\/lookruncompany.com\/index.php?rest_route=\/wp\/v2\/product"}],"about":[{"href":"https:\/\/lookruncompany.com\/index.php?rest_route=\/wp\/v2\/types\/product"}],"replies":[{"embeddable":true,"href":"https:\/\/lookruncompany.com\/index.php?rest_route=%2Fwp%2Fv2%2Fcomments&post=117078"}],"version-history":[{"count":0,"href":"https:\/\/lookruncompany.com\/index.php?rest_route=\/wp\/v2\/product\/117078\/revisions"}],"wp:featuredmedia":[{"embeddable":true,"href":"https:\/\/lookruncompany.com\/index.php?rest_route=\/wp\/v2\/media\/108240"}],"wp:attachment":[{"href":"https:\/\/lookruncompany.com\/index.php?rest_route=%2Fwp%2Fv2%2Fmedia&parent=117078"}],"wp:term":[{"taxonomy":"product_brand","embeddable":true,"href":"https:\/\/lookruncompany.com\/index.php?rest_route=%2Fwp%2Fv2%2Fproduct_brand&post=117078"},{"taxonomy":"product_cat","embeddable":true,"href":"https:\/\/lookruncompany.com\/index.php?rest_route=%2Fwp%2Fv2%2Fproduct_cat&post=117078"},{"taxonomy":"product_tag","embeddable":true,"href":"https:\/\/lookruncompany.com\/index.php?rest_route=%2Fwp%2Fv2%2Fproduct_tag&post=117078"}],"curies":[{"name":"wp","href":"https:\/\/api.w.org\/{rel}","templated":true}]}}