{"id":117034,"date":"2026-04-22T13:17:56","date_gmt":"2026-04-22T13:17:56","guid":{"rendered":"https:\/\/lookruncompany.com\/?product=mishimoto-accesorio-de-radiador-universal-de-carrera-20an"},"modified":"2026-04-22T13:17:57","modified_gmt":"2026-04-22T13:17:57","slug":"mishimoto-accesorio-de-radiador-universal-de-carrera-20an","status":"publish","type":"product","link":"https:\/\/lookruncompany.com\/?product=mishimoto-accesorio-de-radiador-universal-de-carrera-20an","title":{"rendered":"Mishimoto Accesorio de radiador universal de carrera, 20AN"},"content":{"rendered":"<p>Mishimoto Accesorio de radiador universal de carrera, 20AN es una referencia de Mishimoto disponible en nuestra tienda para quienes buscan mejorar la capacidad de refrigeraci\u00f3n y la estabilidad t\u00e9rmica del motor. Es una opci\u00f3n orientada tanto a sustituci\u00f3n mejorada como a proyectos de preparaci\u00f3n, siempre con el objetivo de ofrecer un producto fiable y bien resuelto.<\/p>\n<p>Ajuste directo para el radiador Mishimoto Race-Ready V2*.Aluminio 6061Junta t\u00f3rica de sellado incluidaAcabado anodizado negro<\/p>\n<p>Referencia de aplicaci\u00f3n universal. Conviene comprobar medidas, conexiones y espacio disponible antes de la compra.<\/p>\n","protected":false},"excerpt":{"rendered":"<p>Radiador Mishimoto para mejorar la capacidad de refrigeraci\u00f3n y la estabilidad t\u00e9rmica del motor. Referencia universal con enfoque en fiabilidad, resistencia t\u00e9rmica y buen acabado.<\/p>\n","protected":false},"featured_media":108152,"comment_status":"open","ping_status":"closed","template":"","meta":{"_acf_changed":false},"product_brand":[],"product_cat":[642176],"product_tag":[642177,376265,637157,376264],"class_list":{"0":"post-117034","1":"product","2":"type-product","3":"status-publish","4":"has-post-thumbnail","6":"product_cat-universales-accesorios-de-radiador","7":"product_tag-accesorios-de-radiador","8":"product_tag-mishimoto","9":"product_tag-refrigeracion","10":"product_tag-universal","12":"first","13":"instock","14":"taxable","15":"shipping-taxable","16":"purchasable","17":"product-type-simple"},"acf":[],"_links":{"self":[{"href":"https:\/\/lookruncompany.com\/index.php?rest_route=\/wp\/v2\/product\/117034","targetHints":{"allow":["GET"]}}],"collection":[{"href":"https:\/\/lookruncompany.com\/index.php?rest_route=\/wp\/v2\/product"}],"about":[{"href":"https:\/\/lookruncompany.com\/index.php?rest_route=\/wp\/v2\/types\/product"}],"replies":[{"embeddable":true,"href":"https:\/\/lookruncompany.com\/index.php?rest_route=%2Fwp%2Fv2%2Fcomments&post=117034"}],"version-history":[{"count":0,"href":"https:\/\/lookruncompany.com\/index.php?rest_route=\/wp\/v2\/product\/117034\/revisions"}],"wp:featuredmedia":[{"embeddable":true,"href":"https:\/\/lookruncompany.com\/index.php?rest_route=\/wp\/v2\/media\/108152"}],"wp:attachment":[{"href":"https:\/\/lookruncompany.com\/index.php?rest_route=%2Fwp%2Fv2%2Fmedia&parent=117034"}],"wp:term":[{"taxonomy":"product_brand","embeddable":true,"href":"https:\/\/lookruncompany.com\/index.php?rest_route=%2Fwp%2Fv2%2Fproduct_brand&post=117034"},{"taxonomy":"product_cat","embeddable":true,"href":"https:\/\/lookruncompany.com\/index.php?rest_route=%2Fwp%2Fv2%2Fproduct_cat&post=117034"},{"taxonomy":"product_tag","embeddable":true,"href":"https:\/\/lookruncompany.com\/index.php?rest_route=%2Fwp%2Fv2%2Fproduct_tag&post=117034"}],"curies":[{"name":"wp","href":"https:\/\/api.w.org\/{rel}","templated":true}]}}