{"id":117024,"date":"2026-04-22T13:17:54","date_gmt":"2026-04-22T13:17:54","guid":{"rendered":"https:\/\/lookruncompany.com\/?product=mishimoto-radiador-triple-nucleo-subaru-wrx-sti-2001-2007"},"modified":"2026-04-22T13:17:54","modified_gmt":"2026-04-22T13:17:54","slug":"mishimoto-radiador-triple-nucleo-subaru-wrx-sti-2001-2007","status":"publish","type":"product","link":"https:\/\/lookruncompany.com\/?product=mishimoto-radiador-triple-nucleo-subaru-wrx-sti-2001-2007","title":{"rendered":"Mishimoto Radiador triple n\u00facleo Subaru WRX STI 2001-2007"},"content":{"rendered":"<p>Mishimoto Radiador triple n\u00facleo Subaru WRX STI 2001-2007 es una referencia de Mishimoto disponible en nuestra tienda para quienes buscan mejorar la capacidad de refrigeraci\u00f3n y la estabilidad t\u00e9rmica del motor. Es una opci\u00f3n orientada tanto a sustituci\u00f3n mejorada como a proyectos de preparaci\u00f3n, siempre con el objetivo de ofrecer un producto fiable y bien resuelto.<\/p>\n<p>Se trata de un radiador con un planteamiento claro: ofrecer una soluci\u00f3n seria para montaje, mantenimiento o mejora del veh\u00edculo, sin recurrir al enfoque de fabricante en primera persona.<\/p>\n<p>Aplicaci\u00f3n orientada a los modelos indicados en el t\u00edtulo. Antes de comprar, conviene revisar compatibilidad exacta por modelo, motorizaci\u00f3n y a\u00f1o.<\/p>\n","protected":false},"excerpt":{"rendered":"<p>Radiador Mishimoto para aplicaciones espec\u00edficas, orientado a mejorar la capacidad de refrigeraci\u00f3n y la estabilidad t\u00e9rmica del motor con ajuste pensado para los modelos indicados.<\/p>\n","protected":false},"featured_media":108132,"comment_status":"open","ping_status":"closed","template":"","meta":{"_acf_changed":false},"product_brand":[],"product_cat":[641963],"product_tag":[637153,376265,641964,637157],"class_list":{"0":"post-117024","1":"product","2":"type-product","3":"status-publish","4":"has-post-thumbnail","6":"product_cat-especificos-radiadores-de-agua","7":"product_tag-especifico","8":"product_tag-mishimoto","9":"product_tag-radiadores-de-agua","10":"product_tag-refrigeracion","12":"first","13":"instock","14":"taxable","15":"shipping-taxable","16":"purchasable","17":"product-type-simple"},"acf":[],"_links":{"self":[{"href":"https:\/\/lookruncompany.com\/index.php?rest_route=\/wp\/v2\/product\/117024","targetHints":{"allow":["GET"]}}],"collection":[{"href":"https:\/\/lookruncompany.com\/index.php?rest_route=\/wp\/v2\/product"}],"about":[{"href":"https:\/\/lookruncompany.com\/index.php?rest_route=\/wp\/v2\/types\/product"}],"replies":[{"embeddable":true,"href":"https:\/\/lookruncompany.com\/index.php?rest_route=%2Fwp%2Fv2%2Fcomments&post=117024"}],"version-history":[{"count":0,"href":"https:\/\/lookruncompany.com\/index.php?rest_route=\/wp\/v2\/product\/117024\/revisions"}],"wp:featuredmedia":[{"embeddable":true,"href":"https:\/\/lookruncompany.com\/index.php?rest_route=\/wp\/v2\/media\/108132"}],"wp:attachment":[{"href":"https:\/\/lookruncompany.com\/index.php?rest_route=%2Fwp%2Fv2%2Fmedia&parent=117024"}],"wp:term":[{"taxonomy":"product_brand","embeddable":true,"href":"https:\/\/lookruncompany.com\/index.php?rest_route=%2Fwp%2Fv2%2Fproduct_brand&post=117024"},{"taxonomy":"product_cat","embeddable":true,"href":"https:\/\/lookruncompany.com\/index.php?rest_route=%2Fwp%2Fv2%2Fproduct_cat&post=117024"},{"taxonomy":"product_tag","embeddable":true,"href":"https:\/\/lookruncompany.com\/index.php?rest_route=%2Fwp%2Fv2%2Fproduct_tag&post=117024"}],"curies":[{"name":"wp","href":"https:\/\/api.w.org\/{rel}","templated":true}]}}