{"id":116879,"date":"2026-04-22T13:16:48","date_gmt":"2026-04-22T13:16:48","guid":{"rendered":"https:\/\/lookruncompany.com\/?product=mishimoto-tapon-de-llenado-de-aceite-subaru-negro"},"modified":"2026-04-22T13:16:48","modified_gmt":"2026-04-22T13:16:48","slug":"mishimoto-tapon-de-llenado-de-aceite-subaru-negro","status":"publish","type":"product","link":"https:\/\/lookruncompany.com\/?product=mishimoto-tapon-de-llenado-de-aceite-subaru-negro","title":{"rendered":"Mishimoto Tap\u00f3n de llenado de aceite Subaru Negro"},"content":{"rendered":"<p>Mishimoto Tap\u00f3n de llenado de aceite Subaru Negro es una referencia de Mishimoto disponible en nuestra tienda para quienes buscan mejorar la fiabilidad y el comportamiento del conjunto. Es una opci\u00f3n orientada tanto a sustituci\u00f3n mejorada como a proyectos de preparaci\u00f3n, siempre con el objetivo de ofrecer un producto fiable y bien resuelto.<\/p>\n<p>Entre sus puntos destacados se encuentran acabado en color negro, aspectos especialmente valorados cuando se busca durabilidad, buen encaje y un funcionamiento consistente.<\/p>\n<p>Producto orientado a aplicaciones concretas. Antes de comprar, conviene revisar compatibilidad exacta por modelo, motorizaci\u00f3n y a\u00f1o.<\/p>\n","protected":false},"excerpt":{"rendered":"<p>Componente de rendimiento Mishimoto orientado a mejorar la fiabilidad y el comportamiento del conjunto, con un enfoque claro en fiabilidad, montaje correcto y buen acabado.<\/p>\n","protected":false},"featured_media":0,"comment_status":"open","ping_status":"closed","template":"","meta":{"_acf_changed":false},"product_brand":[],"product_cat":[641905],"product_tag":[637153,637191,376265,641908],"class_list":{"0":"post-116879","1":"product","2":"type-product","3":"status-publish","5":"product_cat-tapones-de-aceite","6":"product_tag-especifico","7":"product_tag-lubricacion","8":"product_tag-mishimoto","9":"product_tag-tapones-de-aceite","11":"first","12":"instock","13":"taxable","14":"shipping-taxable","15":"purchasable","16":"product-type-simple"},"acf":[],"_links":{"self":[{"href":"https:\/\/lookruncompany.com\/index.php?rest_route=\/wp\/v2\/product\/116879","targetHints":{"allow":["GET"]}}],"collection":[{"href":"https:\/\/lookruncompany.com\/index.php?rest_route=\/wp\/v2\/product"}],"about":[{"href":"https:\/\/lookruncompany.com\/index.php?rest_route=\/wp\/v2\/types\/product"}],"replies":[{"embeddable":true,"href":"https:\/\/lookruncompany.com\/index.php?rest_route=%2Fwp%2Fv2%2Fcomments&post=116879"}],"version-history":[{"count":0,"href":"https:\/\/lookruncompany.com\/index.php?rest_route=\/wp\/v2\/product\/116879\/revisions"}],"wp:attachment":[{"href":"https:\/\/lookruncompany.com\/index.php?rest_route=%2Fwp%2Fv2%2Fmedia&parent=116879"}],"wp:term":[{"taxonomy":"product_brand","embeddable":true,"href":"https:\/\/lookruncompany.com\/index.php?rest_route=%2Fwp%2Fv2%2Fproduct_brand&post=116879"},{"taxonomy":"product_cat","embeddable":true,"href":"https:\/\/lookruncompany.com\/index.php?rest_route=%2Fwp%2Fv2%2Fproduct_cat&post=116879"},{"taxonomy":"product_tag","embeddable":true,"href":"https:\/\/lookruncompany.com\/index.php?rest_route=%2Fwp%2Fv2%2Fproduct_tag&post=116879"}],"curies":[{"name":"wp","href":"https:\/\/api.w.org\/{rel}","templated":true}]}}