{"id":116225,"date":"2026-04-22T13:09:12","date_gmt":"2026-04-22T13:09:12","guid":{"rendered":"https:\/\/lookruncompany.com\/?product=mishimoto-2015-2020-bmw-f80-m3-m4-intercooler-fdg"},"modified":"2026-04-22T13:09:12","modified_gmt":"2026-04-22T13:09:12","slug":"mishimoto-2015-2020-bmw-f80-m3-m4-intercooler-fdg","status":"publish","type":"product","link":"https:\/\/lookruncompany.com\/?product=mishimoto-2015-2020-bmw-f80-m3-m4-intercooler-fdg","title":{"rendered":"Mishimoto 2015-2020 BMW F80 M3\/M4 Intercooler, FDG"},"content":{"rendered":"<p>Mishimoto 2015-2020 BMW F80 M3\/M4 Intercooler, FDG es una referencia de Mishimoto disponible en nuestra tienda para quienes buscan reducir la temperatura del aire de admisi\u00f3n y mantener un rendimiento m\u00e1s constante. Es una opci\u00f3n orientada tanto a sustituci\u00f3n mejorada como a proyectos de preparaci\u00f3n, siempre con el objetivo de ofrecer un producto fiable y bien resuelto.<\/p>\n<p>Entre sus puntos destacados se encuentran fabricaci\u00f3n en aluminio y n\u00facleo de barra y placa, aspectos especialmente valorados cuando se busca durabilidad, buen encaje y un funcionamiento consistente.<\/p>\n<p>Aplicaci\u00f3n orientada a los modelos indicados en el t\u00edtulo. Antes de comprar, conviene revisar compatibilidad exacta por modelo, motorizaci\u00f3n y a\u00f1o.<\/p>\n","protected":false},"excerpt":{"rendered":"<p>Intercooler Mishimoto para aplicaciones espec\u00edficas, orientado a reducir la temperatura del aire de admisi\u00f3n y mantener un rendimiento m\u00e1s constante con ajuste pensado para los modelos indicados.<\/p>\n","protected":false},"featured_media":107282,"comment_status":"open","ping_status":"closed","template":"","meta":{"_acf_changed":false},"product_brand":[],"product_cat":[637179],"product_tag":[637153,637180,376265,637157],"class_list":{"0":"post-116225","1":"product","2":"type-product","3":"status-publish","4":"has-post-thumbnail","6":"product_cat-especificos-intercoolers","7":"product_tag-especifico","8":"product_tag-intercoolers","9":"product_tag-mishimoto","10":"product_tag-refrigeracion","12":"first","13":"instock","14":"taxable","15":"shipping-taxable","16":"purchasable","17":"product-type-simple"},"acf":[],"_links":{"self":[{"href":"https:\/\/lookruncompany.com\/index.php?rest_route=\/wp\/v2\/product\/116225","targetHints":{"allow":["GET"]}}],"collection":[{"href":"https:\/\/lookruncompany.com\/index.php?rest_route=\/wp\/v2\/product"}],"about":[{"href":"https:\/\/lookruncompany.com\/index.php?rest_route=\/wp\/v2\/types\/product"}],"replies":[{"embeddable":true,"href":"https:\/\/lookruncompany.com\/index.php?rest_route=%2Fwp%2Fv2%2Fcomments&post=116225"}],"version-history":[{"count":0,"href":"https:\/\/lookruncompany.com\/index.php?rest_route=\/wp\/v2\/product\/116225\/revisions"}],"wp:featuredmedia":[{"embeddable":true,"href":"https:\/\/lookruncompany.com\/index.php?rest_route=\/wp\/v2\/media\/107282"}],"wp:attachment":[{"href":"https:\/\/lookruncompany.com\/index.php?rest_route=%2Fwp%2Fv2%2Fmedia&parent=116225"}],"wp:term":[{"taxonomy":"product_brand","embeddable":true,"href":"https:\/\/lookruncompany.com\/index.php?rest_route=%2Fwp%2Fv2%2Fproduct_brand&post=116225"},{"taxonomy":"product_cat","embeddable":true,"href":"https:\/\/lookruncompany.com\/index.php?rest_route=%2Fwp%2Fv2%2Fproduct_cat&post=116225"},{"taxonomy":"product_tag","embeddable":true,"href":"https:\/\/lookruncompany.com\/index.php?rest_route=%2Fwp%2Fv2%2Fproduct_tag&post=116225"}],"curies":[{"name":"wp","href":"https:\/\/api.w.org\/{rel}","templated":true}]}}