{"id":116174,"date":"2026-04-22T13:08:54","date_gmt":"2026-04-22T13:08:54","guid":{"rendered":"https:\/\/lookruncompany.com\/?product=mishimoto-honda-civic-1-5t-si-performance-intercooler-2016-negro"},"modified":"2026-04-22T13:08:55","modified_gmt":"2026-04-22T13:08:55","slug":"mishimoto-honda-civic-1-5t-si-performance-intercooler-2016-negro","status":"publish","type":"product","link":"https:\/\/lookruncompany.com\/?product=mishimoto-honda-civic-1-5t-si-performance-intercooler-2016-negro","title":{"rendered":"Mishimoto Honda Civic 1.5T\/Si Performance Intercooler, 2016+, Negro"},"content":{"rendered":"<p>Mishimoto Honda Civic 1.5T\/Si Performance Intercooler, 2016+, Negro es una referencia de Mishimoto disponible en nuestra tienda para quienes buscan reducir la temperatura del aire de admisi\u00f3n y mantener un rendimiento m\u00e1s constante. Es una opci\u00f3n orientada tanto a sustituci\u00f3n mejorada como a proyectos de preparaci\u00f3n, siempre con el objetivo de ofrecer un producto fiable y bien resuelto.<\/p>\n<p>Entre sus puntos destacados se encuentran fabricaci\u00f3n en aluminio, n\u00facleo de barra y placa y acabado en color negro, aspectos especialmente valorados cuando se busca durabilidad, buen encaje y un funcionamiento consistente.<\/p>\n<p>Producto orientado a aplicaciones concretas. Antes de comprar, conviene revisar compatibilidad exacta por modelo, motorizaci\u00f3n y a\u00f1o.<\/p>\n","protected":false},"excerpt":{"rendered":"<p>Intercooler Mishimoto orientado a reducir la temperatura del aire de admisi\u00f3n y mantener un rendimiento m\u00e1s constante, con un enfoque claro en fiabilidad, montaje correcto y buen acabado.<\/p>\n","protected":false},"featured_media":107228,"comment_status":"open","ping_status":"closed","template":"","meta":{"_acf_changed":false},"product_brand":[],"product_cat":[637179],"product_tag":[637153,637180,376265,637157],"class_list":{"0":"post-116174","1":"product","2":"type-product","3":"status-publish","4":"has-post-thumbnail","6":"product_cat-especificos-intercoolers","7":"product_tag-especifico","8":"product_tag-intercoolers","9":"product_tag-mishimoto","10":"product_tag-refrigeracion","12":"first","13":"instock","14":"taxable","15":"shipping-taxable","16":"purchasable","17":"product-type-simple"},"acf":[],"_links":{"self":[{"href":"https:\/\/lookruncompany.com\/index.php?rest_route=\/wp\/v2\/product\/116174","targetHints":{"allow":["GET"]}}],"collection":[{"href":"https:\/\/lookruncompany.com\/index.php?rest_route=\/wp\/v2\/product"}],"about":[{"href":"https:\/\/lookruncompany.com\/index.php?rest_route=\/wp\/v2\/types\/product"}],"replies":[{"embeddable":true,"href":"https:\/\/lookruncompany.com\/index.php?rest_route=%2Fwp%2Fv2%2Fcomments&post=116174"}],"version-history":[{"count":0,"href":"https:\/\/lookruncompany.com\/index.php?rest_route=\/wp\/v2\/product\/116174\/revisions"}],"wp:featuredmedia":[{"embeddable":true,"href":"https:\/\/lookruncompany.com\/index.php?rest_route=\/wp\/v2\/media\/107228"}],"wp:attachment":[{"href":"https:\/\/lookruncompany.com\/index.php?rest_route=%2Fwp%2Fv2%2Fmedia&parent=116174"}],"wp:term":[{"taxonomy":"product_brand","embeddable":true,"href":"https:\/\/lookruncompany.com\/index.php?rest_route=%2Fwp%2Fv2%2Fproduct_brand&post=116174"},{"taxonomy":"product_cat","embeddable":true,"href":"https:\/\/lookruncompany.com\/index.php?rest_route=%2Fwp%2Fv2%2Fproduct_cat&post=116174"},{"taxonomy":"product_tag","embeddable":true,"href":"https:\/\/lookruncompany.com\/index.php?rest_route=%2Fwp%2Fv2%2Fproduct_tag&post=116174"}],"curies":[{"name":"wp","href":"https:\/\/api.w.org\/{rel}","templated":true}]}}