{"id":115418,"date":"2026-04-22T13:06:11","date_gmt":"2026-04-22T13:06:11","guid":{"rendered":"https:\/\/lookruncompany.com\/?product=mishimoto-45-degree-push-lock-fitting-4an"},"modified":"2026-04-22T13:06:11","modified_gmt":"2026-04-22T13:06:11","slug":"mishimoto-45-degree-push-lock-fitting-4an","status":"publish","type":"product","link":"https:\/\/lookruncompany.com\/?product=mishimoto-45-degree-push-lock-fitting-4an","title":{"rendered":"Mishimoto 45-Degree Push Lock Fitting, -4AN"},"content":{"rendered":"<p>Mishimoto 45-Degree Push Lock Fitting, -4AN es una referencia de Mishimoto disponible en nuestra tienda para quienes buscan controlar mejor la temperatura del aceite en uso exigente. Es una opci\u00f3n orientada tanto a sustituci\u00f3n mejorada como a proyectos de preparaci\u00f3n, siempre con el objetivo de ofrecer un producto fiable y bien resuelto.<\/p>\n<p>Agregue un poco de estilo Mishimoto adicional a su sistema con el accesorio de bloqueo a presi\u00f3n Mishimoto -4AN.<\/p>\n<p>Aplicaci\u00f3n orientada a los modelos indicados en el t\u00edtulo. Antes de comprar, conviene revisar compatibilidad exacta por modelo, motorizaci\u00f3n y a\u00f1o.<\/p>\n","protected":false},"excerpt":{"rendered":"<p>Radiador de aceite Mishimoto para aplicaciones espec\u00edficas, orientado a controlar mejor la temperatura del aceite en uso exigente con ajuste pensado para los modelos indicados.<\/p>\n","protected":false},"featured_media":106964,"comment_status":"open","ping_status":"closed","template":"","meta":{"_acf_changed":false},"product_brand":[],"product_cat":[637794],"product_tag":[637183,637153,376265,637157],"class_list":{"0":"post-115418","1":"product","2":"type-product","3":"status-publish","4":"has-post-thumbnail","6":"product_cat-especificos-accesorios-de-radiadores-de-aceite","7":"product_tag-accesorios-de-radiadores-de-aceite","8":"product_tag-especifico","9":"product_tag-mishimoto","10":"product_tag-refrigeracion","12":"first","13":"instock","14":"taxable","15":"shipping-taxable","16":"purchasable","17":"product-type-simple"},"acf":[],"_links":{"self":[{"href":"https:\/\/lookruncompany.com\/index.php?rest_route=\/wp\/v2\/product\/115418","targetHints":{"allow":["GET"]}}],"collection":[{"href":"https:\/\/lookruncompany.com\/index.php?rest_route=\/wp\/v2\/product"}],"about":[{"href":"https:\/\/lookruncompany.com\/index.php?rest_route=\/wp\/v2\/types\/product"}],"replies":[{"embeddable":true,"href":"https:\/\/lookruncompany.com\/index.php?rest_route=%2Fwp%2Fv2%2Fcomments&post=115418"}],"version-history":[{"count":0,"href":"https:\/\/lookruncompany.com\/index.php?rest_route=\/wp\/v2\/product\/115418\/revisions"}],"wp:featuredmedia":[{"embeddable":true,"href":"https:\/\/lookruncompany.com\/index.php?rest_route=\/wp\/v2\/media\/106964"}],"wp:attachment":[{"href":"https:\/\/lookruncompany.com\/index.php?rest_route=%2Fwp%2Fv2%2Fmedia&parent=115418"}],"wp:term":[{"taxonomy":"product_brand","embeddable":true,"href":"https:\/\/lookruncompany.com\/index.php?rest_route=%2Fwp%2Fv2%2Fproduct_brand&post=115418"},{"taxonomy":"product_cat","embeddable":true,"href":"https:\/\/lookruncompany.com\/index.php?rest_route=%2Fwp%2Fv2%2Fproduct_cat&post=115418"},{"taxonomy":"product_tag","embeddable":true,"href":"https:\/\/lookruncompany.com\/index.php?rest_route=%2Fwp%2Fv2%2Fproduct_tag&post=115418"}],"curies":[{"name":"wp","href":"https:\/\/api.w.org\/{rel}","templated":true}]}}