{"id":115325,"date":"2026-04-22T13:05:51","date_gmt":"2026-04-22T13:05:51","guid":{"rendered":"https:\/\/lookruncompany.com\/?product=mishimoto-kit-electroventilador-mitsubishi-3000gt-turbo-91-99"},"modified":"2026-04-22T13:05:52","modified_gmt":"2026-04-22T13:05:52","slug":"mishimoto-kit-electroventilador-mitsubishi-3000gt-turbo-91-99","status":"publish","type":"product","link":"https:\/\/lookruncompany.com\/?product=mishimoto-kit-electroventilador-mitsubishi-3000gt-turbo-91-99","title":{"rendered":"Mishimoto Kit electroventilador Mitsubishi 3000GT Turbo 91-99"},"content":{"rendered":"<p>Mishimoto Kit electroventilador Mitsubishi 3000GT Turbo 91-99 es una referencia de Mishimoto disponible en nuestra tienda para quienes buscan optimizar el flujo de aire a trav\u00e9s del radiador. Es una opci\u00f3n orientada tanto a sustituci\u00f3n mejorada como a proyectos de preparaci\u00f3n, siempre con el objetivo de ofrecer un producto fiable y bien resuelto.<\/p>\n<p>Entre sus puntos destacados se encuentran apoyo adicional de ventilaci\u00f3n, aspectos especialmente valorados cuando se busca durabilidad, buen encaje y un funcionamiento consistente.<\/p>\n<p>Producto orientado a aplicaciones concretas. Antes de comprar, conviene revisar compatibilidad exacta por modelo, motorizaci\u00f3n y a\u00f1o.<\/p>\n","protected":false},"excerpt":{"rendered":"<p>Conjunto de ventilaci\u00f3n Mishimoto orientado a optimizar el flujo de aire a trav\u00e9s del radiador, con un enfoque claro en fiabilidad, montaje correcto y buen acabado.<\/p>\n","protected":false},"featured_media":106852,"comment_status":"open","ping_status":"closed","template":"","meta":{"_acf_changed":false},"product_brand":[],"product_cat":[637568],"product_tag":[637153,376265,637157,637567],"class_list":{"0":"post-115325","1":"product","2":"type-product","3":"status-publish","4":"has-post-thumbnail","6":"product_cat-especificos-ventiladores-y-kits","7":"product_tag-especifico","8":"product_tag-mishimoto","9":"product_tag-refrigeracion","10":"product_tag-ventiladores-y-kits","12":"first","13":"instock","14":"taxable","15":"shipping-taxable","16":"purchasable","17":"product-type-simple"},"acf":[],"_links":{"self":[{"href":"https:\/\/lookruncompany.com\/index.php?rest_route=\/wp\/v2\/product\/115325","targetHints":{"allow":["GET"]}}],"collection":[{"href":"https:\/\/lookruncompany.com\/index.php?rest_route=\/wp\/v2\/product"}],"about":[{"href":"https:\/\/lookruncompany.com\/index.php?rest_route=\/wp\/v2\/types\/product"}],"replies":[{"embeddable":true,"href":"https:\/\/lookruncompany.com\/index.php?rest_route=%2Fwp%2Fv2%2Fcomments&post=115325"}],"version-history":[{"count":0,"href":"https:\/\/lookruncompany.com\/index.php?rest_route=\/wp\/v2\/product\/115325\/revisions"}],"wp:featuredmedia":[{"embeddable":true,"href":"https:\/\/lookruncompany.com\/index.php?rest_route=\/wp\/v2\/media\/106852"}],"wp:attachment":[{"href":"https:\/\/lookruncompany.com\/index.php?rest_route=%2Fwp%2Fv2%2Fmedia&parent=115325"}],"wp:term":[{"taxonomy":"product_brand","embeddable":true,"href":"https:\/\/lookruncompany.com\/index.php?rest_route=%2Fwp%2Fv2%2Fproduct_brand&post=115325"},{"taxonomy":"product_cat","embeddable":true,"href":"https:\/\/lookruncompany.com\/index.php?rest_route=%2Fwp%2Fv2%2Fproduct_cat&post=115325"},{"taxonomy":"product_tag","embeddable":true,"href":"https:\/\/lookruncompany.com\/index.php?rest_route=%2Fwp%2Fv2%2Fproduct_tag&post=115325"}],"curies":[{"name":"wp","href":"https:\/\/api.w.org\/{rel}","templated":true}]}}