{"id":115313,"date":"2026-04-22T13:05:48","date_gmt":"2026-04-22T13:05:48","guid":{"rendered":"https:\/\/lookruncompany.com\/?product=mishimoto-plastica-fan-clips"},"modified":"2026-04-22T13:05:48","modified_gmt":"2026-04-22T13:05:48","slug":"mishimoto-plastica-fan-clips","status":"publish","type":"product","link":"https:\/\/lookruncompany.com\/?product=mishimoto-plastica-fan-clips","title":{"rendered":"Mishimoto Plastic\u00c2 Fan Clips"},"content":{"rendered":"<p>Mishimoto Plastic\u00c2 Fan Clips es una referencia de Mishimoto disponible en nuestra tienda para quienes buscan optimizar el flujo de aire a trav\u00e9s del radiador. Es una opci\u00f3n orientada tanto a sustituci\u00f3n mejorada como a proyectos de preparaci\u00f3n, siempre con el objetivo de ofrecer un producto fiable y bien resuelto.<\/p>\n<p>Este kit incluye cuatro clips de pl\u00e1stico para ventiladores, que se utilizan junto con el kit de montaje para ventiladores Mishimoto Electric . Disponible en negro o rojo, seg\u00fan su elecci\u00f3n.<\/p>\n<p>Referencia de aplicaci\u00f3n universal. Conviene comprobar medidas, conexiones y espacio disponible antes de la compra.<\/p>\n","protected":false},"excerpt":{"rendered":"<p>Conjunto de ventilaci\u00f3n Mishimoto para optimizar el flujo de aire a trav\u00e9s del radiador. Referencia universal con enfoque en fiabilidad, resistencia t\u00e9rmica y buen acabado.<\/p>\n","protected":false},"featured_media":106828,"comment_status":"open","ping_status":"closed","template":"","meta":{"_acf_changed":false},"product_brand":[],"product_cat":[637566],"product_tag":[376265,637157,376264,637567],"class_list":{"0":"post-115313","1":"product","2":"type-product","3":"status-publish","4":"has-post-thumbnail","6":"product_cat-universales-ventiladores-y-kits","7":"product_tag-mishimoto","8":"product_tag-refrigeracion","9":"product_tag-universal","10":"product_tag-ventiladores-y-kits","12":"first","13":"instock","14":"taxable","15":"shipping-taxable","16":"purchasable","17":"product-type-simple"},"acf":[],"_links":{"self":[{"href":"https:\/\/lookruncompany.com\/index.php?rest_route=\/wp\/v2\/product\/115313","targetHints":{"allow":["GET"]}}],"collection":[{"href":"https:\/\/lookruncompany.com\/index.php?rest_route=\/wp\/v2\/product"}],"about":[{"href":"https:\/\/lookruncompany.com\/index.php?rest_route=\/wp\/v2\/types\/product"}],"replies":[{"embeddable":true,"href":"https:\/\/lookruncompany.com\/index.php?rest_route=%2Fwp%2Fv2%2Fcomments&post=115313"}],"version-history":[{"count":0,"href":"https:\/\/lookruncompany.com\/index.php?rest_route=\/wp\/v2\/product\/115313\/revisions"}],"wp:featuredmedia":[{"embeddable":true,"href":"https:\/\/lookruncompany.com\/index.php?rest_route=\/wp\/v2\/media\/106828"}],"wp:attachment":[{"href":"https:\/\/lookruncompany.com\/index.php?rest_route=%2Fwp%2Fv2%2Fmedia&parent=115313"}],"wp:term":[{"taxonomy":"product_brand","embeddable":true,"href":"https:\/\/lookruncompany.com\/index.php?rest_route=%2Fwp%2Fv2%2Fproduct_brand&post=115313"},{"taxonomy":"product_cat","embeddable":true,"href":"https:\/\/lookruncompany.com\/index.php?rest_route=%2Fwp%2Fv2%2Fproduct_cat&post=115313"},{"taxonomy":"product_tag","embeddable":true,"href":"https:\/\/lookruncompany.com\/index.php?rest_route=%2Fwp%2Fv2%2Fproduct_tag&post=115313"}],"curies":[{"name":"wp","href":"https:\/\/api.w.org\/{rel}","templated":true}]}}