{"id":35064,"date":"2025-11-17T23:42:07","date_gmt":"2025-11-17T23:42:07","guid":{"rendered":"http:\/\/lookruncompany.com\/?page_id=35064"},"modified":"2026-02-11T12:54:29","modified_gmt":"2026-02-11T12:54:29","slug":"look-run-garage","status":"publish","type":"page","link":"https:\/\/lookruncompany.com\/?page_id=35064","title":{"rendered":"Look &#038; Run Garage"},"content":{"rendered":"\t\t<div data-elementor-type=\"wp-page\" data-elementor-id=\"35064\" class=\"elementor elementor-35064\" data-elementor-post-type=\"page\">\n\t\t\t\t<div class=\"elementor-element elementor-element-761821a e-flex e-con-boxed e-con e-parent\" data-id=\"761821a\" data-element_type=\"container\" data-e-type=\"container\" data-settings=\"{&quot;background_background&quot;:&quot;classic&quot;}\">\n\t\t\t\t\t<div class=\"e-con-inner\">\n\t\t\t\t<div class=\"elementor-element elementor-element-9c94d43 elementor-widget elementor-widget-heading\" data-id=\"9c94d43\" data-element_type=\"widget\" data-e-type=\"widget\" data-widget_type=\"heading.default\">\n\t\t\t\t\t<h1 class=\"elementor-heading-title elementor-size-default\">LOOK &amp; RUN GARAGE<\/h1>\t\t\t\t<\/div>\n\t\t\t\t\t<\/div>\n\t\t\t\t<\/div>\n\t\t<div class=\"elementor-element elementor-element-38480f8 e-flex e-con-boxed e-con e-parent\" data-id=\"38480f8\" data-element_type=\"container\" data-e-type=\"container\">\n\t\t\t\t\t<div class=\"e-con-inner\">\n\t\t\t\t<div class=\"elementor-element elementor-element-0ce5626 elementor-widget elementor-widget-spacer\" data-id=\"0ce5626\" data-element_type=\"widget\" data-e-type=\"widget\" data-widget_type=\"spacer.default\">\n\t\t\t\t\t\t\t<div class=\"elementor-spacer\">\n\t\t\t<div class=\"elementor-spacer-inner\"><\/div>\n\t\t<\/div>\n\t\t\t\t\t\t<\/div>\n\t\t\t\t<div class=\"elementor-element elementor-element-ec3a49d elementor-invisible elementor-widget elementor-widget-heading\" data-id=\"ec3a49d\" data-element_type=\"widget\" data-e-type=\"widget\" data-settings=\"{&quot;_animation&quot;:&quot;fadeInUp&quot;}\" data-widget_type=\"heading.default\">\n\t\t\t\t\t<h1 class=\"elementor-heading-title elementor-size-default\">Ingenier\u00eda, precisi\u00f3n y experiencia al servicio de tu veh\u00edculo<\/h1>\t\t\t\t<\/div>\n\t\t\t\t\t<\/div>\n\t\t\t\t<\/div>\n\t\t<div class=\"elementor-element elementor-element-664a776 e-flex e-con-boxed e-con e-parent\" data-id=\"664a776\" data-element_type=\"container\" data-e-type=\"container\">\n\t\t\t\t\t<div class=\"e-con-inner\">\n\t\t\t\t<div class=\"elementor-element elementor-element-09b20c5 elementor-invisible elementor-widget elementor-widget-text-editor\" data-id=\"09b20c5\" data-element_type=\"widget\" data-e-type=\"widget\" data-settings=\"{&quot;_animation&quot;:&quot;fadeInUp&quot;}\" data-widget_type=\"text-editor.default\">\n\t\t\t\t\t\t\t\t\t<p data-start=\"353\" data-end=\"592\">En Look &amp; Run Garage combinamos <strong data-start=\"385\" data-end=\"418\">m\u00e1s de 20 a\u00f1os de experiencia<\/strong> en el sector con la \u00faltima tecnolog\u00eda para ofrecer un servicio de taller de <strong data-start=\"495\" data-end=\"509\">alto nivel<\/strong>, orientado tanto al mantenimiento como a la mejora y personalizaci\u00f3n de veh\u00edculos.<\/p><p data-start=\"594\" data-end=\"749\">Somos especialistas en <strong data-start=\"617\" data-end=\"639\">veh\u00edculo americano<\/strong>, pero trabajamos con <strong data-start=\"661\" data-end=\"681\">todas las marcas<\/strong>, siempre bajo los mismos est\u00e1ndares de calidad y exigencia t\u00e9cnica.<\/p>\t\t\t\t\t\t\t\t<\/div>\n\t\t\t\t<div class=\"elementor-element elementor-element-c227e00 elementor-widget elementor-widget-spacer\" data-id=\"c227e00\" data-element_type=\"widget\" data-e-type=\"widget\" data-widget_type=\"spacer.default\">\n\t\t\t\t\t\t\t<div class=\"elementor-spacer\">\n\t\t\t<div class=\"elementor-spacer-inner\"><\/div>\n\t\t<\/div>\n\t\t\t\t\t\t<\/div>\n\t\t\t\t\t<\/div>\n\t\t\t\t<\/div>\n\t\t<div class=\"elementor-element elementor-element-7321f1d e-flex e-con-boxed e-con e-parent\" data-id=\"7321f1d\" data-element_type=\"container\" data-e-type=\"container\">\n\t\t\t\t\t<div class=\"e-con-inner\">\n\t\t<div class=\"elementor-element elementor-element-e1cf037 e-con-full e-flex elementor-invisible e-con e-child\" data-id=\"e1cf037\" data-element_type=\"container\" data-e-type=\"container\" data-settings=\"{&quot;animation&quot;:&quot;fadeInLeft&quot;}\">\n\t\t<div class=\"elementor-element elementor-element-353a906 e-con-full e-flex e-con e-child\" data-id=\"353a906\" data-element_type=\"container\" data-e-type=\"container\">\n\t\t\t\t<div class=\"elementor-element elementor-element-bddce94 elementor-widget elementor-widget-image\" data-id=\"bddce94\" data-element_type=\"widget\" data-e-type=\"widget\" data-widget_type=\"image.default\">\n\t\t\t\t\t\t\t\t\t\t\t\t\t\t\t<img fetchpriority=\"high\" decoding=\"async\" width=\"1536\" height=\"1024\" src=\"https:\/\/lookruncompany.com\/wp-content\/uploads\/2025\/11\/LokkrunGarage1.webp\" class=\"attachment-full size-full wp-image-35104\" alt=\"\" srcset=\"https:\/\/lookruncompany.com\/wp-content\/uploads\/2025\/11\/LokkrunGarage1.webp 1536w, https:\/\/lookruncompany.com\/wp-content\/uploads\/2025\/11\/LokkrunGarage1-300x200.webp 300w, https:\/\/lookruncompany.com\/wp-content\/uploads\/2025\/11\/LokkrunGarage1-1024x683.webp 1024w, https:\/\/lookruncompany.com\/wp-content\/uploads\/2025\/11\/LokkrunGarage1-768x512.webp 768w, https:\/\/lookruncompany.com\/wp-content\/uploads\/2025\/11\/LokkrunGarage1-234x156.webp 234w, https:\/\/lookruncompany.com\/wp-content\/uploads\/2025\/11\/LokkrunGarage1-500x333.webp 500w\" sizes=\"(max-width: 1536px) 100vw, 1536px\" \/>\t\t\t\t\t\t\t\t\t\t\t\t\t\t\t<\/div>\n\t\t\t\t<\/div>\n\t\t<div class=\"elementor-element elementor-element-972e27b e-con-full e-flex e-con e-child\" data-id=\"972e27b\" data-element_type=\"container\" data-e-type=\"container\">\n\t\t\t\t<div class=\"elementor-element elementor-element-c25afd5 elementor-hidden-mobile elementor-widget elementor-widget-image\" data-id=\"c25afd5\" data-element_type=\"widget\" data-e-type=\"widget\" data-widget_type=\"image.default\">\n\t\t\t\t\t\t\t\t\t\t\t\t\t\t\t<img decoding=\"async\" width=\"1536\" height=\"1024\" src=\"https:\/\/lookruncompany.com\/wp-content\/uploads\/2025\/11\/foto-garage-2.webp\" class=\"attachment-full size-full wp-image-35108\" alt=\"\" srcset=\"https:\/\/lookruncompany.com\/wp-content\/uploads\/2025\/11\/foto-garage-2.webp 1536w, https:\/\/lookruncompany.com\/wp-content\/uploads\/2025\/11\/foto-garage-2-300x200.webp 300w, https:\/\/lookruncompany.com\/wp-content\/uploads\/2025\/11\/foto-garage-2-1024x683.webp 1024w, https:\/\/lookruncompany.com\/wp-content\/uploads\/2025\/11\/foto-garage-2-768x512.webp 768w, https:\/\/lookruncompany.com\/wp-content\/uploads\/2025\/11\/foto-garage-2-234x156.webp 234w, https:\/\/lookruncompany.com\/wp-content\/uploads\/2025\/11\/foto-garage-2-500x333.webp 500w\" sizes=\"(max-width: 1536px) 100vw, 1536px\" \/>\t\t\t\t\t\t\t\t\t\t\t\t\t\t\t<\/div>\n\t\t\t\t<\/div>\n\t\t\t\t<\/div>\n\t\t<div class=\"elementor-element elementor-element-4f7a45b e-con-full e-flex elementor-invisible e-con e-child\" data-id=\"4f7a45b\" data-element_type=\"container\" data-e-type=\"container\" data-settings=\"{&quot;animation&quot;:&quot;fadeInRight&quot;}\">\n\t\t\t\t<div class=\"elementor-element elementor-element-fae32fc elementor-widget elementor-widget-heading\" data-id=\"fae32fc\" data-element_type=\"widget\" data-e-type=\"widget\" data-widget_type=\"heading.default\">\n\t\t\t\t\t<h1 class=\"elementor-heading-title elementor-size-default\">Reparaci\u00f3n, mantenimiento y puesta a punto.<\/h1>\t\t\t\t<\/div>\n\t\t\t\t<div class=\"elementor-element elementor-element-7b2469b elementor-widget elementor-widget-text-editor\" data-id=\"7b2469b\" data-element_type=\"widget\" data-e-type=\"widget\" data-widget_type=\"text-editor.default\">\n\t\t\t\t\t\t\t\t\t<p>Nuestro taller est\u00e1 preparado para atender cualquier trabajo de mec\u00e1nica, con herramientas de diagn\u00f3stico de \u00faltima generaci\u00f3n y t\u00e9cnicos altamente cualificados.<br data-start=\"1160\" data-end=\"1163\" \/>Ofrecemos un servicio serio, preciso y totalmente orientado a quien quiere que su veh\u00edculo quede en manos de profesionales de verdad.<\/p>\t\t\t\t\t\t\t\t<\/div>\n\t\t\t\t<div class=\"elementor-element elementor-element-450e887 elementor-widget elementor-widget-text-editor\" data-id=\"450e887\" data-element_type=\"widget\" data-e-type=\"widget\" data-widget_type=\"text-editor.default\">\n\t\t\t\t\t\t\t\t\t<p data-start=\"1298\" data-end=\"1324\"><strong data-start=\"1298\" data-end=\"1324\">Servicios principales:<\/strong><\/p><ul data-start=\"1325\" data-end=\"1507\"><li data-start=\"1325\" data-end=\"1351\"><p data-start=\"1327\" data-end=\"1351\">Mantenimiento integral.<\/p><\/li><li data-start=\"1352\" data-end=\"1393\"><p data-start=\"1354\" data-end=\"1393\">Reparaciones mec\u00e1nicas y electr\u00f3nicas.<\/p><\/li><li data-start=\"1394\" data-end=\"1418\"><p data-start=\"1396\" data-end=\"1418\">Diagn\u00f3stico avanzado.<\/p><\/li><li data-start=\"1419\" data-end=\"1459\"><p data-start=\"1421\" data-end=\"1459\">Puesta a punto y ajustes espec\u00edficos.<\/p><\/li><li data-start=\"1460\" data-end=\"1507\"><p data-start=\"1462\" data-end=\"1507\">Revisi\u00f3n pre-ITV y mantenimiento preventivo.<\/p><\/li><\/ul><p data-start=\"1509\" data-end=\"1647\">En Look &amp; Run Garage tratamos cada veh\u00edculo con criterios de taller premium: procedimientos claros, tiempos correctos y un trato totalmente personalizado.<\/p>\t\t\t\t\t\t\t\t<\/div>\n\t\t\t\t<\/div>\n\t\t\t\t\t<\/div>\n\t\t\t\t<\/div>\n\t\t<div class=\"elementor-element elementor-element-adb5b2a e-flex e-con-boxed e-con e-parent\" data-id=\"adb5b2a\" data-element_type=\"container\" data-e-type=\"container\">\n\t\t\t\t\t<div class=\"e-con-inner\">\n\t\t\t\t<div class=\"elementor-element elementor-element-a1167b3 elementor-widget elementor-widget-spacer\" data-id=\"a1167b3\" data-element_type=\"widget\" data-e-type=\"widget\" data-widget_type=\"spacer.default\">\n\t\t\t\t\t\t\t<div class=\"elementor-spacer\">\n\t\t\t<div class=\"elementor-spacer-inner\"><\/div>\n\t\t<\/div>\n\t\t\t\t\t\t<\/div>\n\t\t\t\t\t<\/div>\n\t\t\t\t<\/div>\n\t\t<div class=\"elementor-element elementor-element-1a3f750 e-flex e-con-boxed e-con e-parent\" data-id=\"1a3f750\" data-element_type=\"container\" data-e-type=\"container\">\n\t\t\t\t\t<div class=\"e-con-inner\">\n\t\t<div class=\"elementor-element elementor-element-41aad1f e-con-full e-flex elementor-invisible e-con e-child\" data-id=\"41aad1f\" data-element_type=\"container\" data-e-type=\"container\" data-settings=\"{&quot;animation&quot;:&quot;fadeInLeft&quot;}\">\n\t\t\t\t<div class=\"elementor-element elementor-element-46e1dc3 elementor-widget elementor-widget-heading\" data-id=\"46e1dc3\" data-element_type=\"widget\" data-e-type=\"widget\" data-widget_type=\"heading.default\">\n\t\t\t\t\t<h1 class=\"elementor-heading-title elementor-size-default\">Performance y personalizaci\u00f3n t\u00e9cnica<\/h1>\t\t\t\t<\/div>\n\t\t\t\t<div class=\"elementor-element elementor-element-d39bf48 elementor-widget elementor-widget-text-editor\" data-id=\"d39bf48\" data-element_type=\"widget\" data-e-type=\"widget\" data-widget_type=\"text-editor.default\">\n\t\t\t\t\t\t\t\t\t<p data-start=\"1702\" data-end=\"1888\">Hay propietarios que no buscan simplemente mantener su coche: quieren que responda mejor, que transmita m\u00e1s o que est\u00e9 preparado para un uso m\u00e1s exigente. Para ellos ofrecemos un \u00e1rea espec\u00edfica de performance y personalizaci\u00f3n t\u00e9cnica, pensada tanto para veh\u00edculos de calle como para proyectos orientados a circuito.<\/p><p data-start=\"893\" data-end=\"930\"><strong data-start=\"893\" data-end=\"930\">Trabajos habituales en esta \u00e1rea:<\/strong><\/p><ul data-start=\"932\" data-end=\"1224\"><li data-start=\"932\" data-end=\"991\"><p data-start=\"934\" data-end=\"991\">Fabricaci\u00f3n y soldadura de sistemas de escape a medida.<\/p><\/li><li data-start=\"992\" data-end=\"1040\"><p data-start=\"994\" data-end=\"1040\">Refuerzos de chasis y mejoras estructurales.<\/p><\/li><li data-start=\"1041\" data-end=\"1099\"><p data-start=\"1043\" data-end=\"1099\">Montaje de arcos de seguridad con proceso profesional.<\/p><\/li><li data-start=\"1100\" data-end=\"1159\"><p data-start=\"1102\" data-end=\"1159\">Ajustes mec\u00e1nicos orientados a rendimiento y respuesta.<\/p><\/li><li data-start=\"1160\" data-end=\"1224\"><p data-start=\"1162\" data-end=\"1224\">Adaptaciones espec\u00edficas para veh\u00edculos de altas prestaciones.<\/p><\/li><\/ul><p>\u00a0<\/p><p>Es un servicio dirigido a propietarios que saben lo que buscan y que valoran un trabajo hecho con criterio. Cada proyecto se aborda con atenci\u00f3n al detalle y con la experiencia de un equipo acostumbrado a trabajar en los proyectos m\u00e1s complejos.<\/p>\t\t\t\t\t\t\t\t<\/div>\n\t\t\t\t<\/div>\n\t\t<div class=\"elementor-element elementor-element-76939b5 e-con-full e-flex elementor-invisible e-con e-child\" data-id=\"76939b5\" data-element_type=\"container\" data-e-type=\"container\" data-settings=\"{&quot;animation&quot;:&quot;fadeInRight&quot;}\">\n\t\t\t\t<div class=\"elementor-element elementor-element-5ed3c76 elementor-widget elementor-widget-image\" data-id=\"5ed3c76\" data-element_type=\"widget\" data-e-type=\"widget\" data-widget_type=\"image.default\">\n\t\t\t\t\t\t\t\t\t\t\t\t\t\t\t<img decoding=\"async\" width=\"768\" height=\"1024\" src=\"https:\/\/lookruncompany.com\/wp-content\/uploads\/2025\/11\/photo_2025-11-17_22-48-46-768x1024.webp\" class=\"attachment-large size-large wp-image-35096\" alt=\"\" \/>\t\t\t\t\t\t\t\t\t\t\t\t\t\t\t<\/div>\n\t\t\t\t<div class=\"elementor-element elementor-element-d72a6d5 elementor-widget elementor-widget-image\" data-id=\"d72a6d5\" data-element_type=\"widget\" data-e-type=\"widget\" data-widget_type=\"image.default\">\n\t\t\t\t\t\t\t\t\t\t\t\t\t\t\t<img decoding=\"async\" src=\"https:\/\/lookruncompany.com\/wp-content\/plugins\/elementor\/assets\/images\/placeholder.png\" title=\"\" alt=\"\" loading=\"lazy\" \/>\t\t\t\t\t\t\t\t\t\t\t\t\t\t\t<\/div>\n\t\t\t\t<\/div>\n\t\t\t\t\t<\/div>\n\t\t\t\t<\/div>\n\t\t\t\t<\/div>\n\t\t","protected":false},"excerpt":{"rendered":"<p>LOOK &amp; RUN GARAGE Ingenier\u00eda, precisi\u00f3n y experiencia al servicio de tu veh\u00edculo En Look &amp; Run Garage combinamos m\u00e1s de 20 a\u00f1os de experiencia en el sector con la \u00faltima tecnolog\u00eda para ofrecer un servicio de taller de alto nivel, orientado tanto al mantenimiento como a la mejora y personalizaci\u00f3n de veh\u00edculos. Somos especialistas&#8230;<\/p>\n","protected":false},"author":1,"featured_media":0,"parent":0,"menu_order":0,"comment_status":"closed","ping_status":"closed","template":"","meta":{"_acf_changed":false,"footnotes":""},"class_list":["post-35064","page","type-page","status-publish","hentry"],"acf":[],"_links":{"self":[{"href":"https:\/\/lookruncompany.com\/index.php?rest_route=\/wp\/v2\/pages\/35064","targetHints":{"allow":["GET"]}}],"collection":[{"href":"https:\/\/lookruncompany.com\/index.php?rest_route=\/wp\/v2\/pages"}],"about":[{"href":"https:\/\/lookruncompany.com\/index.php?rest_route=\/wp\/v2\/types\/page"}],"author":[{"embeddable":true,"href":"https:\/\/lookruncompany.com\/index.php?rest_route=\/wp\/v2\/users\/1"}],"replies":[{"embeddable":true,"href":"https:\/\/lookruncompany.com\/index.php?rest_route=%2Fwp%2Fv2%2Fcomments&post=35064"}],"version-history":[{"count":20,"href":"https:\/\/lookruncompany.com\/index.php?rest_route=\/wp\/v2\/pages\/35064\/revisions"}],"predecessor-version":[{"id":37423,"href":"https:\/\/lookruncompany.com\/index.php?rest_route=\/wp\/v2\/pages\/35064\/revisions\/37423"}],"wp:attachment":[{"href":"https:\/\/lookruncompany.com\/index.php?rest_route=%2Fwp%2Fv2%2Fmedia&parent=35064"}],"curies":[{"name":"wp","href":"https:\/\/api.w.org\/{rel}","templated":true}]}}